{"id":5500,"date":"2018-05-06T10:05:50","date_gmt":"2018-05-06T10:05:50","guid":{"rendered":"https:\/\/golfclubbiella.com\/betulle\/home\/"},"modified":"2026-04-05T08:08:07","modified_gmt":"2026-04-05T08:08:07","slug":"home","status":"publish","type":"page","link":"https:\/\/golfclubbiella.com\/de\/","title":{"rendered":"Home"},"content":{"rendered":"<p><div class=\"fusion-fullwidth fullwidth-box fusion-builder-row-1 nonhundred-percent-fullwidth non-hundred-percent-height-scrolling\" style=\"--awb-border-radius-top-left:0px;--awb-border-radius-top-right:0px;--awb-border-radius-bottom-right:0px;--awb-border-radius-bottom-left:0px;--awb-flex-wrap:wrap;\" ><div class=\"fusion-builder-row fusion-row\"><div class=\"fusion-layout-column fusion_builder_column fusion-builder-column-0 fusion_builder_column_1_1 1_1 fusion-one-full fusion-column-first fusion-column-last\" style=\"--awb-bg-size:cover;\"><div class=\"fusion-column-wrapper fusion-column-has-shadow fusion-flex-column-wrapper-legacy\"><div class=\"fusion-text fusion-text-1\"><h1 style=\"text-align: center;\"><strong>\u00a0Er\u00f6ffnung des Clubs<br \/>\n<\/strong><\/h1>\n<hr \/>\n<\/div><div class=\"fusion-text fusion-text-2\"><h2 style=\"text-align: center;\"><span style=\"color: #ff0000;\">DIENSTAG, 7. und MITTWOCH, 8. APRIL<\/span><br \/>\n<span style=\"color: #ff0000;\">Die Greens werden bel\u00fcftet und gesandet<\/span><\/h2>\n<hr \/>\n<p style=\"text-align: center;\"><strong>Montag bis Freitag<\/strong><\/p>\n<p style=\"text-align: center;\">Sekretariat: 08:30-18:30 Uhr<\/p>\n<p style=\"text-align: center;\">Taschenaufbewahrung: 08:30-18:30 Uhr<\/p>\n<p style=\"text-align: center;\">Bar und Restaurant: 08:30-18:30 Uhr (mittags und abends ge\u00f6ffnet)<\/p>\n<p style=\"text-align: center;\"><strong>Samstag und Sonntag<\/strong><\/p>\n<p style=\"text-align: center;\"><strong>(Wettkampftage)<\/strong><\/p>\n<p style=\"text-align: center;\">Sekretariat: ab 8:00 Uhr<\/p>\n<p style=\"text-align: center;\">Gep\u00e4ckaufbewahrung: ab 8:00 Uhr<\/p>\n<p style=\"text-align: center;\">Bar und Restaurant: ab 8:00 Uhr (mittags und abends ge\u00f6ffnet)<\/p>\n<\/div><div class=\"fusion-clearfix\"><\/div><\/div><\/div><div class=\"fusion-layout-column fusion_builder_column fusion-builder-column-1 fusion_builder_column_1_3 1_3 fusion-one-third fusion-column-first\" style=\"--awb-bg-size:cover;width:33.333333333333%;width:calc(33.333333333333% - ( ( 4% ) * 0.33333333333333 ) );margin-right: 4%;\"><div class=\"fusion-column-wrapper fusion-flex-column-wrapper-legacy\"><div class=\"fusion-text fusion-text-3\"><div class=\"tp-vl-row\"><\/div>\n<p>Die bedeutende Zeitschrift Il mondo del Golf , die 29 Jahre lang den Top Ten Preis vergeben hat, hat unserem Golfplatz 18 Mal die erste Stelle, 6 Mal die zweite und 4 Mal die dritte Stelle zuerkannt . Dar\u00fcber hinaus wird der Club seit Jahren von den bekanntesten internationalen Reise- und Golff\u00fchrern immer wieder als einer der besten Golfpl\u00e4tze weltweit ger\u00fchmt.<\/p>\n<\/div><div class=\"fusion-clearfix\"><\/div><\/div><\/div><div class=\"fusion-layout-column fusion_builder_column fusion-builder-column-2 fusion_builder_column_2_3 2_3 fusion-two-third fusion-column-last\" style=\"--awb-bg-size:cover;width:66.666666666667%;width:calc(66.666666666667% - ( ( 4% ) * 0.66666666666667 ) );\"><div class=\"fusion-column-wrapper fusion-flex-column-wrapper-legacy\"><div class=\"fusion-text fusion-text-4\"><div class=\"tp-vl-row\"><\/div>\n<p>Der Golfclub \u201eLe Betulle\u201d wurde Ende der 50er-Jahre er\u00f6ffnet und liegt eingebettet in eine herrliche Naturlandschaft, die perfekte Bedingungen zum Golfen bietet. Der 18-Loch-Meisterschaftsplatz (Parkland Course), Par 73, mit einer Bahnl\u00e4nge von 6.534 Metern, wurde vom englischen Architekten John Morrison entworfen und gilt seit Jahren als einer der besten Pl\u00e4tze in Italien und weltweit. Auf unserem Platz ist erstklassige Technik gefragt, deshalb finden hier auch hochrangige europ\u00e4ische Tourniere statt. Der Platz befindet sich auf 590 m H\u00f6he. Bis zum 30. M\u00e4rz ist er montags geschlossen, von 1. April bis 30. Januar jeden Tag ge\u00f6ffnet. Die attraktive Anlage verf\u00fcgt dar\u00fcber hinaus \u00fcber ein Clubhaus mit Restaurant, ein G\u00e4stehaus, eine Driving Range und einen Pro Shop.<br \/>\nVielen Dank f\u00fcr den Besuch unserer Website. Bis bald!<\/p>\n<\/div><div class=\"fusion-clearfix\"><\/div><\/div><\/div><\/div><\/div><div class=\"fusion-fullwidth fullwidth-box fusion-builder-row-2 nonhundred-percent-fullwidth non-hundred-percent-height-scrolling\" style=\"--awb-border-radius-top-left:0px;--awb-border-radius-top-right:0px;--awb-border-radius-bottom-right:0px;--awb-border-radius-bottom-left:0px;--awb-margin-top:150px;--awb-flex-wrap:wrap;\" ><div class=\"fusion-builder-row fusion-row\"><div class=\"fusion-layout-column fusion_builder_column fusion-builder-column-3 fusion_builder_column_1_2 1_2 fusion-one-half fusion-column-first\" style=\"--awb-bg-size:cover;width:50%;width:calc(50% - ( ( 4% ) * 0.5 ) );margin-right: 4%;\"><div class=\"fusion-column-wrapper fusion-flex-column-wrapper-legacy\"><div class=\"fusion-image-element in-legacy-container\" style=\"--awb-max-width:240px;--awb-caption-title-font-family:var(--h2_typography-font-family);--awb-caption-title-font-weight:var(--h2_typography-font-weight);--awb-caption-title-font-style:var(--h2_typography-font-style);--awb-caption-title-size:var(--h2_typography-font-size);--awb-caption-title-transform:var(--h2_typography-text-transform);--awb-caption-title-line-height:var(--h2_typography-line-height);--awb-caption-title-letter-spacing:var(--h2_typography-letter-spacing);\"><span class=\" fusion-imageframe imageframe-none imageframe-1 hover-type-none\"><a class=\"fusion-no-lightbox\" href=\"https:\/\/golfclubbiella.com\/de\/webcam\/\" target=\"_self\" aria-label=\"webcam\"><img decoding=\"async\" width=\"300\" height=\"146\" alt=\"web cam\" src=\"https:\/\/golfclubbiella.com\/wp-content\/uploads\/2021\/07\/webcam.jpg\" class=\"img-responsive wp-image-8857\" srcset=\"https:\/\/golfclubbiella.com\/wp-content\/uploads\/2021\/07\/webcam-200x97.jpg 200w, https:\/\/golfclubbiella.com\/wp-content\/uploads\/2021\/07\/webcam.jpg 300w\" sizes=\"(max-width: 800px) 100vw, 300px\" \/><\/a><\/span><\/div><div class=\"fusion-clearfix\"><\/div><\/div><\/div><div class=\"fusion-layout-column fusion_builder_column fusion-builder-column-4 fusion_builder_column_1_2 1_2 fusion-one-half fusion-column-last\" style=\"--awb-bg-size:cover;width:50%;width:calc(50% - ( ( 4% ) * 0.5 ) );\"><div class=\"fusion-column-wrapper fusion-flex-column-wrapper-legacy\"><div class=\"fusion-title title fusion-title-1 fusion-title-center fusion-title-text fusion-title-size-three\"><div class=\"title-sep-container title-sep-container-left\"><div class=\"title-sep sep-single sep-solid\" style=\"border-color:#e0dede;\"><\/div><\/div><span class=\"awb-title-spacer\"><\/span><h3 class=\"fusion-title-heading title-heading-center\" style=\"margin:0;\">Abkommen mit Partner-Hotels und Einrichtungen<\/h3><span class=\"awb-title-spacer\"><\/span><div class=\"title-sep-container title-sep-container-right\"><div class=\"title-sep sep-single sep-solid\" style=\"border-color:#e0dede;\"><\/div><\/div><\/div><div class=\"fusion-image-carousel fusion-image-carousel-fixed fusion-image-carousel-1\"><div class=\"awb-carousel awb-swiper awb-swiper-carousel awb-carousel--carousel awb-swiper-dots-position-bottom\" data-layout=\"carousel\" data-autoplay=\"yes\" data-autoplayspeed=\"3500\" data-autoplaypause=\"no\" data-columns=\"4\" data-columnsmedium=\"1\" data-columnssmall=\"1\" data-itemmargin=\"13\" data-itemwidth=\"180\" data-touchscroll=\"no\" data-freemode=\"no\" data-imagesize=\"fixed\" data-scrollitems=\"1\" data-centeredslides=\"no\" data-rotationangle=\"50\" data-depth=\"100\" data-speed=\"500\" data-shadow=\"no\" data-pagination=\"bullets\" style=\"--awb-columns:4;\"><div class=\"swiper-wrapper awb-image-carousel-wrapper fusion-flex-align-items-center\"><div class=\"swiper-slide\"><div class=\"fusion-carousel-item-wrapper\"><div class=\"fusion-image-wrapper hover-type-none\"><a href=\"http:\/\/www.relaissantostefano.com\/en\/index\" target=\"_blank\" rel=\"noopener noreferrer\"><img decoding=\"async\" width=\"220\" height=\"150\" src=\"https:\/\/golfclubbiella.com\/wp-content\/uploads\/2018\/12\/Convenzioni-SantoStefano.gif\" class=\"attachment-blog-medium size-blog-medium\" alt=\"\" \/><\/a><\/div><\/div><\/div><div class=\"swiper-slide\"><div class=\"fusion-carousel-item-wrapper\"><div class=\"fusion-image-wrapper hover-type-none\"><a href=\"http:\/\/www.agorapalace.com\/en\/\" target=\"_blank\" rel=\"noopener noreferrer\"><img decoding=\"async\" width=\"220\" height=\"150\" src=\"https:\/\/golfclubbiella.com\/wp-content\/uploads\/2019\/01\/Convenzioni-Agora-e1593427738881.gif\" class=\"attachment-blog-medium size-blog-medium\" alt=\"Agor\u00e0 Palace Hotel\" \/><\/a><\/div><\/div><\/div><\/div><div class=\"awb-swiper-button awb-swiper-button-prev\"><i class=\"awb-icon-angle-left\" aria-hidden=\"true\"><\/i><\/div><div class=\"awb-swiper-button awb-swiper-button-next\"><i class=\"awb-icon-angle-right\" aria-hidden=\"true\"><\/i><\/div><\/div><\/div><div class=\"fusion-clearfix\"><\/div><\/div><\/div><\/div><\/div><\/p>\n","protected":false},"excerpt":{"rendered":"","protected":false},"author":1,"featured_media":0,"parent":0,"menu_order":0,"comment_status":"closed","ping_status":"closed","template":"100-width.php","meta":{"iawp_total_views":706,"footnotes":""},"class_list":["post-5500","page","type-page","status-publish","hentry"],"yoast_head":"<!-- This site is optimized with the Yoast SEO plugin v27.1.1 - https:\/\/yoast.com\/product\/yoast-seo-wordpress\/ -->\n<title>Golfplatz Biella Le Betulle - Magnano Italy<\/title>\n<meta name=\"description\" content=\"Die Zeitschrift The World of Golf hat unseren Platz 18 Mal mit dem ersten Platz, sechs Mal mit dem zweiten Platz und vier Mal mit dem dritten Platz ausgezeichnet.\" \/>\n<meta name=\"robots\" content=\"index, follow, max-snippet:-1, max-image-preview:large, max-video-preview:-1\" \/>\n<link rel=\"canonical\" href=\"https:\/\/golfclubbiella.com\/de\/\" \/>\n<meta property=\"og:locale\" content=\"de_DE\" \/>\n<meta property=\"og:type\" content=\"article\" \/>\n<meta property=\"og:title\" content=\"Golfplatz Biella Le Betulle - Magnano Italy\" \/>\n<meta property=\"og:description\" content=\"Die Zeitschrift The World of Golf hat unseren Platz 18 Mal mit dem ersten Platz, sechs Mal mit dem zweiten Platz und vier Mal mit dem dritten Platz ausgezeichnet.\" \/>\n<meta property=\"og:url\" content=\"https:\/\/golfclubbiella.com\/de\/\" \/>\n<meta property=\"og:site_name\" content=\"Golf Club Biella\" \/>\n<meta property=\"article:modified_time\" content=\"2026-04-05T08:08:07+00:00\" \/>\n<meta name=\"twitter:card\" content=\"summary_large_image\" \/>\n<meta name=\"twitter:label1\" content=\"Gesch\u00e4tzte Lesezeit\" \/>\n\t<meta name=\"twitter:data1\" content=\"2\u00a0Minuten\" \/>\n<script type=\"application\/ld+json\" class=\"yoast-schema-graph\">{\"@context\":\"https:\/\/schema.org\",\"@graph\":[{\"@type\":\"WebPage\",\"@id\":\"https:\/\/golfclubbiella.com\/de\/\",\"url\":\"https:\/\/golfclubbiella.com\/de\/\",\"name\":\"Golfplatz Biella Le Betulle - Magnano Italy\",\"isPartOf\":{\"@id\":\"https:\/\/golfclubbiella.com\/#website\"},\"datePublished\":\"2018-05-06T10:05:50+00:00\",\"dateModified\":\"2026-04-05T08:08:07+00:00\",\"description\":\"Die Zeitschrift The World of Golf hat unseren Platz 18 Mal mit dem ersten Platz, sechs Mal mit dem zweiten Platz und vier Mal mit dem dritten Platz ausgezeichnet.\",\"breadcrumb\":{\"@id\":\"https:\/\/golfclubbiella.com\/de\/#breadcrumb\"},\"inLanguage\":\"de\",\"potentialAction\":[{\"@type\":\"ReadAction\",\"target\":[\"https:\/\/golfclubbiella.com\/de\/\"]}]},{\"@type\":\"BreadcrumbList\",\"@id\":\"https:\/\/golfclubbiella.com\/de\/#breadcrumb\",\"itemListElement\":[{\"@type\":\"ListItem\",\"position\":1,\"name\":\"Home\",\"item\":\"https:\/\/golfclubbiella.com\/de\/\"},{\"@type\":\"ListItem\",\"position\":2,\"name\":\"Home\"}]},{\"@type\":\"WebSite\",\"@id\":\"https:\/\/golfclubbiella.com\/#website\",\"url\":\"https:\/\/golfclubbiella.com\/\",\"name\":\"Golf Club Biella\",\"description\":\"Le Betulle\",\"publisher\":{\"@id\":\"https:\/\/golfclubbiella.com\/#organization\"},\"potentialAction\":[{\"@type\":\"SearchAction\",\"target\":{\"@type\":\"EntryPoint\",\"urlTemplate\":\"https:\/\/golfclubbiella.com\/?s={search_term_string}\"},\"query-input\":{\"@type\":\"PropertyValueSpecification\",\"valueRequired\":true,\"valueName\":\"search_term_string\"}}],\"inLanguage\":\"de\"},{\"@type\":\"Organization\",\"@id\":\"https:\/\/golfclubbiella.com\/#organization\",\"name\":\"Golf Club Biella Le Betulle\",\"url\":\"https:\/\/golfclubbiella.com\/\",\"logo\":{\"@type\":\"ImageObject\",\"inLanguage\":\"de\",\"@id\":\"https:\/\/golfclubbiella.com\/#\/schema\/logo\/image\/\",\"url\":\"https:\/\/golfclubbiella.com\/wp-content\/uploads\/2015\/01\/logo.png\",\"contentUrl\":\"https:\/\/golfclubbiella.com\/wp-content\/uploads\/2015\/01\/logo.png\",\"width\":240,\"height\":142,\"caption\":\"Golf Club Biella Le Betulle\"},\"image\":{\"@id\":\"https:\/\/golfclubbiella.com\/#\/schema\/logo\/image\/\"}}]}<\/script>\n<!-- \/ Yoast SEO plugin. -->","yoast_head_json":{"title":"Golfplatz Biella Le Betulle - Magnano Italy","description":"Die Zeitschrift The World of Golf hat unseren Platz 18 Mal mit dem ersten Platz, sechs Mal mit dem zweiten Platz und vier Mal mit dem dritten Platz ausgezeichnet.","robots":{"index":"index","follow":"follow","max-snippet":"max-snippet:-1","max-image-preview":"max-image-preview:large","max-video-preview":"max-video-preview:-1"},"canonical":"https:\/\/golfclubbiella.com\/de\/","og_locale":"de_DE","og_type":"article","og_title":"Golfplatz Biella Le Betulle - Magnano Italy","og_description":"Die Zeitschrift The World of Golf hat unseren Platz 18 Mal mit dem ersten Platz, sechs Mal mit dem zweiten Platz und vier Mal mit dem dritten Platz ausgezeichnet.","og_url":"https:\/\/golfclubbiella.com\/de\/","og_site_name":"Golf Club Biella","article_modified_time":"2026-04-05T08:08:07+00:00","twitter_card":"summary_large_image","twitter_misc":{"Gesch\u00e4tzte Lesezeit":"2\u00a0Minuten"},"schema":{"@context":"https:\/\/schema.org","@graph":[{"@type":"WebPage","@id":"https:\/\/golfclubbiella.com\/de\/","url":"https:\/\/golfclubbiella.com\/de\/","name":"Golfplatz Biella Le Betulle - Magnano Italy","isPartOf":{"@id":"https:\/\/golfclubbiella.com\/#website"},"datePublished":"2018-05-06T10:05:50+00:00","dateModified":"2026-04-05T08:08:07+00:00","description":"Die Zeitschrift The World of Golf hat unseren Platz 18 Mal mit dem ersten Platz, sechs Mal mit dem zweiten Platz und vier Mal mit dem dritten Platz ausgezeichnet.","breadcrumb":{"@id":"https:\/\/golfclubbiella.com\/de\/#breadcrumb"},"inLanguage":"de","potentialAction":[{"@type":"ReadAction","target":["https:\/\/golfclubbiella.com\/de\/"]}]},{"@type":"BreadcrumbList","@id":"https:\/\/golfclubbiella.com\/de\/#breadcrumb","itemListElement":[{"@type":"ListItem","position":1,"name":"Home","item":"https:\/\/golfclubbiella.com\/de\/"},{"@type":"ListItem","position":2,"name":"Home"}]},{"@type":"WebSite","@id":"https:\/\/golfclubbiella.com\/#website","url":"https:\/\/golfclubbiella.com\/","name":"Golf Club Biella","description":"Le Betulle","publisher":{"@id":"https:\/\/golfclubbiella.com\/#organization"},"potentialAction":[{"@type":"SearchAction","target":{"@type":"EntryPoint","urlTemplate":"https:\/\/golfclubbiella.com\/?s={search_term_string}"},"query-input":{"@type":"PropertyValueSpecification","valueRequired":true,"valueName":"search_term_string"}}],"inLanguage":"de"},{"@type":"Organization","@id":"https:\/\/golfclubbiella.com\/#organization","name":"Golf Club Biella Le Betulle","url":"https:\/\/golfclubbiella.com\/","logo":{"@type":"ImageObject","inLanguage":"de","@id":"https:\/\/golfclubbiella.com\/#\/schema\/logo\/image\/","url":"https:\/\/golfclubbiella.com\/wp-content\/uploads\/2015\/01\/logo.png","contentUrl":"https:\/\/golfclubbiella.com\/wp-content\/uploads\/2015\/01\/logo.png","width":240,"height":142,"caption":"Golf Club Biella Le Betulle"},"image":{"@id":"https:\/\/golfclubbiella.com\/#\/schema\/logo\/image\/"}}]}},"_links":{"self":[{"href":"https:\/\/golfclubbiella.com\/de\/wp-json\/wp\/v2\/pages\/5500","targetHints":{"allow":["GET"]}}],"collection":[{"href":"https:\/\/golfclubbiella.com\/de\/wp-json\/wp\/v2\/pages"}],"about":[{"href":"https:\/\/golfclubbiella.com\/de\/wp-json\/wp\/v2\/types\/page"}],"author":[{"embeddable":true,"href":"https:\/\/golfclubbiella.com\/de\/wp-json\/wp\/v2\/users\/1"}],"replies":[{"embeddable":true,"href":"https:\/\/golfclubbiella.com\/de\/wp-json\/wp\/v2\/comments?post=5500"}],"version-history":[{"count":8,"href":"https:\/\/golfclubbiella.com\/de\/wp-json\/wp\/v2\/pages\/5500\/revisions"}],"predecessor-version":[{"id":10502,"href":"https:\/\/golfclubbiella.com\/de\/wp-json\/wp\/v2\/pages\/5500\/revisions\/10502"}],"wp:attachment":[{"href":"https:\/\/golfclubbiella.com\/de\/wp-json\/wp\/v2\/media?parent=5500"}],"curies":[{"name":"wp","href":"https:\/\/api.w.org\/{rel}","templated":true}]}}