{"id":6474,"date":"2015-01-02T14:10:21","date_gmt":"2015-01-02T14:10:21","guid":{"rendered":"https:\/\/golfclubbiella.com\/betulle\/storia\/"},"modified":"2020-03-24T14:24:10","modified_gmt":"2020-03-24T14:24:10","slug":"geschichte","status":"publish","type":"page","link":"https:\/\/golfclubbiella.com\/de\/geschichte\/","title":{"rendered":"Geschichte"},"content":{"rendered":"<p><div class=\"fusion-fullwidth fullwidth-box fusion-builder-row-1 nonhundred-percent-fullwidth non-hundred-percent-height-scrolling\" style=\"--awb-border-radius-top-left:0px;--awb-border-radius-top-right:0px;--awb-border-radius-bottom-right:0px;--awb-border-radius-bottom-left:0px;--awb-flex-wrap:wrap;\" ><div class=\"fusion-builder-row fusion-row\"><div class=\"fusion-layout-column fusion_builder_column fusion-builder-column-0 fusion_builder_column_1_4 1_4 fusion-one-fourth fusion-column-first\" style=\"--awb-padding-top:100px;--awb-padding-right:20px;--awb-bg-size:cover;width:25%;width:calc(25% - ( ( 4% ) * 0.25 ) );margin-right: 4%;\"><div class=\"fusion-column-wrapper fusion-flex-column-wrapper-legacy\"><div class=\"fusion-text fusion-text-1\"><p><a href=\"https:\/\/www.youtube.com\/embed\/jww-yS-yl9M?autoplay=1\" target=\"_blank\" rel=\"noopener noreferrer\"><img decoding=\"async\" src=\"https:\/\/golfclubbiella.com\/wp-content\/uploads\/2019\/01\/Storia01.jpg\" alt=\"1957-1958 Primi lavori\" width=\"215\" height=\"120\" \/><\/a><\/p>\n<p>&nbsp;<\/p>\n<p><a href=\"https:\/\/www.youtube.com\/embed\/NTf0EX0z8-s?autoplay=1\" target=\"_blank\" rel=\"noopener noreferrer\"><img decoding=\"async\" src=\"https:\/\/golfclubbiella.com\/wp-content\/uploads\/2019\/01\/Storia02.jpg\" alt=\"1959 Lezioni di golf\" width=\"215\" height=\"120\" \/><\/a><\/p>\n<\/div><div class=\"fusion-clearfix\"><\/div><\/div><\/div><div class=\"fusion-layout-column fusion_builder_column fusion-builder-column-1 fusion_builder_column_3_4 3_4 fusion-three-fourth fusion-column-last\" style=\"--awb-bg-size:cover;width:75%;width:calc(75% - ( ( 4% ) * 0.75 ) );\"><div class=\"fusion-column-wrapper fusion-flex-column-wrapper-legacy\"><div class=\"fusion-text fusion-text-2\"><h1>Geschichte<\/h1>\n<p>Der vornehme pausb\u00e4ckige Herr mit dem Schnurrbart \u00e0 la David Niven hatte keinen Zweifel: Diese Stelle war einfach fabelhaft. \u201eHier\u201c, sagte er \u201ek\u00f6nnte der sch\u00f6nste Golfplatz Europas entstehen.\u201c Dann f\u00fcgte er noch hinzu: \u201eDer sch\u00f6nste au\u00dferhalb der britischen Inseln!\u201c Als er den Standort besichtigte, war ihm sofort klar, dass es hier auf der \u201eSerra\u201c schon alles gab, was es brauchte. Seine einzige Aufgabe war es, in dieser perfekten Umgebung, auf diesen h\u00fcgeligen, baumarmen Wiesen und Feldern 18 L\u00f6cher zu pr\u00e4parieren, die Mutter Natur hier scheinbar versteckt hatte.<br \/>\nFranco Bocca, Angelo Guabello und Franco Buratti, die an einem sp\u00e4ten Wintertag 1956 gemeinsam mit dem englischen Golfarchitekten John Stanton Fleming Morrison auf einem H\u00fcgel der \u201eSerra\u201c sa\u00dfen, zeigten sich hocherfreut \u00fcber dessen Mut machenden Worte. Sie entsch\u00e4digten sie f\u00fcr ihre monatelange Suche, bei der sie \u00fcber 70 Hektar an Feldern, Wiesen und W\u00e4ldern von ca. 170 Landbesitzern aus Magnano und der Umgebung aufgekauft hatten. Bei den drei Herren, die an jenem Tag um Mr. Morrison versammelt waren, handelte es sich um die Vertreter des Vereins \u201eGolf Club Biella Le Betulle\u201c, der am 18. September 1956 in Biella gegr\u00fcndet worden war. Am 12. Oktober des gleichen Jahres war bereits das erste Grundst\u00fcck gekauft worden.<br \/>\nIn Italien gab es damals nur elf 18-Loch-Pl\u00e4tze; Spieler mit einem Handicap unter 7 waren es insgesamt nur dreiundvierzig. Man betrachtete Golf zu der Zeit als einen snobistischen Sport oder vielmehr als ein snobistisches Spiel.<br \/>\nIm Alter von 65 Jahren galt John Morrison (1892-1961) weltweit als einer der bekanntesten Architekten f\u00fcr die Planung von Golfpl\u00e4tzen. 1920 war er bei einem der wichtigsten B\u00fcros f\u00fcr Golfarchitektur der Zeit, jenes von Colt und Alison, eingestiegen. Harry Colt (1869-1951) galt als wahres Design-Genie. Im Jahr 1913 hatte er zusammen mit George Crump am Bau von Pine Valley, der lange als bester Golfplatz weltweit angesehen wurde, gearbeitet.<br \/>\nAls er mit dem Bau des Golfplatzes von Biella anfing, konnte er bereits auf eine jahrelange Erfahrung als Designer zur\u00fcckblicken und hatte schon an der Realisierung und Umgestaltung verschiedener weltbekannter Pl\u00e4tze wie Royal Lytham &amp; St. Annes, Sunningdale, Wenthworth East and West, Royal Dublin, Royal Troon, Eindhoven, Kennemer, Saint Cloud , Falkenstein usw. mitgewirkt.<br \/>\nDer erste Spatenstich f\u00fcr \u201eLe Betulle\u201c wurde im Oktober 1957 gesetzt. Morrison f\u00fchrte die Bauarbeiten bis September 1960 selbst, bis schwere Herzprobleme dies unm\u00f6glich machten. Seine Mitarbeiter Donald Harradine, bekannt als \u201eMeister\u201c des Gr\u00fcns, der sich um die Vollendung des Gr\u00fcns, der Tees und des Fairways k\u00fcmmerte, und John Dering Harris, der zwischen Fr\u00fchjahr und Sommer 1967 neue Gr\u00fcns entwarf und Ratschl\u00e4ge zur Verbesserung einiger L\u00f6cher gab, f\u00fchrten seine Arbeit fort.<br \/>\nInzwischen hatte man auch mit dem Bau eines eleganten Clubhauses im Country-Stil und eines G\u00e4stehauses begonnen. Mit dem Projekt wurden die Architekten Berardi-Rossi mit B\u00fcros in Florenz und Rom betraut.<br \/>\nVierzig Jahre sp\u00e4ter bezeichnete der gro\u00dfe Architekt und Preistr\u00e4ger Michael J. Hurdzan, der 1998 den Preis f\u00fcr den besten Designer der Welt \u2013 so etwas wie den ersten Oscars dieser Kategorie \u2013 gewonnen hatte, die Anlage als \u201eeinen wundersch\u00f6nen Golfplatz, der auf einem erstklassigen St\u00fcck Land von einem Meisterarchitekten errichtet wurde.\u201c<br \/>\nGene Sarazen, das Golftalent, das jeden Preis gewonnen hat, den es in diesem Bereich zu gewinnen gibt (U.S. Open, PGA Championship, British Open und Masters), beschreibt den Golfplatz auf Seite 62 seines Buches \u201eGolf new horizons: the Pan Am\u2019s guide to golf courses around the world\u201c als einen der Pl\u00e4tze, den man sich auf keinen Fall entgehen lassen darf.<br \/>\nDer Golfplatz von Biella wurde im Laufe der Jahre mit den besten Pl\u00e4tzen Italiens, Europas und sogar jenen jenseits des Atlantiks verglichen. Er ist die optimale Herausforderung f\u00fcr Champions und ein guter Test f\u00fcr Spieler jeden Niveaus. Der Platz ist sch\u00f6n, anspruchsvoll und bietet f\u00fcr jedes Niveau die ideale Herausforderung. Auch die faszinierende Umgebung tr\u00e4gt ihren Teil zur gro\u00dfen Begeisterung der G\u00e4ste bei.<\/p>\n<\/div><div class=\"fusion-clearfix\"><\/div><\/div><\/div><\/div><\/div><div class=\"fusion-fullwidth fullwidth-box fusion-builder-row-2 hundred-percent-fullwidth non-hundred-percent-height-scrolling\" style=\"--awb-border-radius-top-left:0px;--awb-border-radius-top-right:0px;--awb-border-radius-bottom-right:0px;--awb-border-radius-bottom-left:0px;--awb-margin-top:123px;--awb-background-color:#a9a9a9;--awb-flex-wrap:wrap;\" ><div class=\"fusion-builder-row fusion-row\"><div class=\"fusion-layout-column fusion_builder_column fusion-builder-column-2 fusion_builder_column_1_1 1_1 fusion-one-full fusion-column-first fusion-column-last\" style=\"--awb-padding-top:8px;--awb-padding-bottom:0px;--awb-bg-size:cover;--awb-margin-bottom:8px;\"><div class=\"fusion-column-wrapper fusion-column-has-shadow fusion-flex-column-wrapper-legacy\"><div class=\"fusion-image-element fusion-image-align-center in-legacy-container\" style=\"text-align:center;--awb-caption-title-font-family:var(--h2_typography-font-family);--awb-caption-title-font-weight:var(--h2_typography-font-weight);--awb-caption-title-font-style:var(--h2_typography-font-style);--awb-caption-title-size:var(--h2_typography-font-size);--awb-caption-title-transform:var(--h2_typography-text-transform);--awb-caption-title-line-height:var(--h2_typography-line-height);--awb-caption-title-letter-spacing:var(--h2_typography-letter-spacing);\"><div class=\"imageframe-align-center\"><span class=\" fusion-imageframe imageframe-none imageframe-1 hover-type-none\"><a class=\"fusion-no-lightbox\" href=\"https:\/\/www.reply.com\/\" target=\"_blank\" aria-label=\"Footer2020e\" rel=\"noopener noreferrer\"><img decoding=\"async\" width=\"777\" height=\"87\" src=\"https:\/\/golfclubbiella.com\/wp-content\/uploads\/2020\/02\/Footer2020e.png\" alt class=\"img-responsive wp-image-8193\" srcset=\"https:\/\/golfclubbiella.com\/wp-content\/uploads\/2020\/02\/Footer2020e-200x22.png 200w, https:\/\/golfclubbiella.com\/wp-content\/uploads\/2020\/02\/Footer2020e-400x45.png 400w, https:\/\/golfclubbiella.com\/wp-content\/uploads\/2020\/02\/Footer2020e-600x67.png 600w, https:\/\/golfclubbiella.com\/wp-content\/uploads\/2020\/02\/Footer2020e.png 777w\" sizes=\"(max-width: 800px) 100vw, 777px\" \/><\/a><\/span><\/div><\/div><div class=\"fusion-clearfix\"><\/div><\/div><\/div><\/div><\/div>\n<\/p>\n","protected":false},"excerpt":{"rendered":"","protected":false},"author":1,"featured_media":0,"parent":0,"menu_order":0,"comment_status":"closed","ping_status":"closed","template":"100-width.php","meta":{"iawp_total_views":57,"footnotes":""},"class_list":["post-6474","page","type-page","status-publish","hentry"],"yoast_head":"<!-- This site is optimized with the Yoast SEO plugin v27.1.1 - https:\/\/yoast.com\/product\/yoast-seo-wordpress\/ -->\n<title>Geschichte | Golf Club Biella &quot;Le Betulle&quot;<\/title>\n<meta name=\"description\" content=\"Michael J. Hurdzan er sagte, \u201eeinen wundersch\u00f6nen Golfplatz, der auf einem erstklassigen St\u00fcck Land von einem Meisterarchitekten errichtet wurde.\u201c\" \/>\n<meta name=\"robots\" content=\"index, follow, max-snippet:-1, max-image-preview:large, max-video-preview:-1\" \/>\n<link rel=\"canonical\" href=\"https:\/\/golfclubbiella.com\/storia\/\" \/>\n<meta property=\"og:locale\" content=\"de_DE\" \/>\n<meta property=\"og:type\" content=\"article\" \/>\n<meta property=\"og:title\" content=\"Geschichte | Golf Club Biella &quot;Le Betulle&quot;\" \/>\n<meta property=\"og:description\" content=\"Michael J. Hurdzan er sagte, \u201eeinen wundersch\u00f6nen Golfplatz, der auf einem erstklassigen St\u00fcck Land von einem Meisterarchitekten errichtet wurde.\u201c\" \/>\n<meta property=\"og:url\" content=\"https:\/\/golfclubbiella.com\/storia\/\" \/>\n<meta property=\"og:site_name\" content=\"Golf Club Biella\" \/>\n<meta property=\"article:modified_time\" content=\"2020-03-24T14:24:10+00:00\" \/>\n<meta property=\"og:image\" content=\"https:\/\/golfclubbiella.com\/wp-content\/uploads\/2019\/01\/Storia01.jpg\" \/>\n<meta name=\"twitter:card\" content=\"summary_large_image\" \/>\n<meta name=\"twitter:label1\" content=\"Gesch\u00e4tzte Lesezeit\" \/>\n\t<meta name=\"twitter:data1\" content=\"5\u00a0Minuten\" \/>\n<script type=\"application\/ld+json\" class=\"yoast-schema-graph\">{\"@context\":\"https:\/\/schema.org\",\"@graph\":[{\"@type\":\"WebPage\",\"@id\":\"https:\/\/golfclubbiella.com\/storia\/\",\"url\":\"https:\/\/golfclubbiella.com\/storia\/\",\"name\":\"Geschichte | Golf Club Biella \\\"Le Betulle\\\"\",\"isPartOf\":{\"@id\":\"https:\/\/golfclubbiella.com\/#website\"},\"primaryImageOfPage\":{\"@id\":\"https:\/\/golfclubbiella.com\/storia\/#primaryimage\"},\"image\":{\"@id\":\"https:\/\/golfclubbiella.com\/storia\/#primaryimage\"},\"thumbnailUrl\":\"https:\/\/golfclubbiella.com\/wp-content\/uploads\/2019\/01\/Storia01.jpg\",\"datePublished\":\"2015-01-02T14:10:21+00:00\",\"dateModified\":\"2020-03-24T14:24:10+00:00\",\"description\":\"Michael J. Hurdzan er sagte, \u201eeinen wundersch\u00f6nen Golfplatz, der auf einem erstklassigen St\u00fcck Land von einem Meisterarchitekten errichtet wurde.\u201c\",\"breadcrumb\":{\"@id\":\"https:\/\/golfclubbiella.com\/storia\/#breadcrumb\"},\"inLanguage\":\"de\",\"potentialAction\":[{\"@type\":\"ReadAction\",\"target\":[\"https:\/\/golfclubbiella.com\/storia\/\"]}]},{\"@type\":\"ImageObject\",\"inLanguage\":\"de\",\"@id\":\"https:\/\/golfclubbiella.com\/storia\/#primaryimage\",\"url\":\"https:\/\/golfclubbiella.com\/wp-content\/uploads\/2019\/01\/Storia01.jpg\",\"contentUrl\":\"https:\/\/golfclubbiella.com\/wp-content\/uploads\/2019\/01\/Storia01.jpg\"},{\"@type\":\"BreadcrumbList\",\"@id\":\"https:\/\/golfclubbiella.com\/storia\/#breadcrumb\",\"itemListElement\":[{\"@type\":\"ListItem\",\"position\":1,\"name\":\"Home\",\"item\":\"https:\/\/golfclubbiella.com\/de\/\"},{\"@type\":\"ListItem\",\"position\":2,\"name\":\"Geschichte\"}]},{\"@type\":\"WebSite\",\"@id\":\"https:\/\/golfclubbiella.com\/#website\",\"url\":\"https:\/\/golfclubbiella.com\/\",\"name\":\"Golf Club Biella\",\"description\":\"Le Betulle\",\"publisher\":{\"@id\":\"https:\/\/golfclubbiella.com\/#organization\"},\"potentialAction\":[{\"@type\":\"SearchAction\",\"target\":{\"@type\":\"EntryPoint\",\"urlTemplate\":\"https:\/\/golfclubbiella.com\/?s={search_term_string}\"},\"query-input\":{\"@type\":\"PropertyValueSpecification\",\"valueRequired\":true,\"valueName\":\"search_term_string\"}}],\"inLanguage\":\"de\"},{\"@type\":\"Organization\",\"@id\":\"https:\/\/golfclubbiella.com\/#organization\",\"name\":\"Golf Club Biella Le Betulle\",\"url\":\"https:\/\/golfclubbiella.com\/\",\"logo\":{\"@type\":\"ImageObject\",\"inLanguage\":\"de\",\"@id\":\"https:\/\/golfclubbiella.com\/#\/schema\/logo\/image\/\",\"url\":\"https:\/\/golfclubbiella.com\/wp-content\/uploads\/2015\/01\/logo.png\",\"contentUrl\":\"https:\/\/golfclubbiella.com\/wp-content\/uploads\/2015\/01\/logo.png\",\"width\":240,\"height\":142,\"caption\":\"Golf Club Biella Le Betulle\"},\"image\":{\"@id\":\"https:\/\/golfclubbiella.com\/#\/schema\/logo\/image\/\"}}]}<\/script>\n<!-- \/ Yoast SEO plugin. -->","yoast_head_json":{"title":"Geschichte | Golf Club Biella \"Le Betulle\"","description":"Michael J. Hurdzan er sagte, \u201eeinen wundersch\u00f6nen Golfplatz, der auf einem erstklassigen St\u00fcck Land von einem Meisterarchitekten errichtet wurde.\u201c","robots":{"index":"index","follow":"follow","max-snippet":"max-snippet:-1","max-image-preview":"max-image-preview:large","max-video-preview":"max-video-preview:-1"},"canonical":"https:\/\/golfclubbiella.com\/storia\/","og_locale":"de_DE","og_type":"article","og_title":"Geschichte | Golf Club Biella \"Le Betulle\"","og_description":"Michael J. Hurdzan er sagte, \u201eeinen wundersch\u00f6nen Golfplatz, der auf einem erstklassigen St\u00fcck Land von einem Meisterarchitekten errichtet wurde.\u201c","og_url":"https:\/\/golfclubbiella.com\/storia\/","og_site_name":"Golf Club Biella","article_modified_time":"2020-03-24T14:24:10+00:00","og_image":[{"url":"https:\/\/golfclubbiella.com\/wp-content\/uploads\/2019\/01\/Storia01.jpg","type":"","width":"","height":""}],"twitter_card":"summary_large_image","twitter_misc":{"Gesch\u00e4tzte Lesezeit":"5\u00a0Minuten"},"schema":{"@context":"https:\/\/schema.org","@graph":[{"@type":"WebPage","@id":"https:\/\/golfclubbiella.com\/storia\/","url":"https:\/\/golfclubbiella.com\/storia\/","name":"Geschichte | Golf Club Biella \"Le Betulle\"","isPartOf":{"@id":"https:\/\/golfclubbiella.com\/#website"},"primaryImageOfPage":{"@id":"https:\/\/golfclubbiella.com\/storia\/#primaryimage"},"image":{"@id":"https:\/\/golfclubbiella.com\/storia\/#primaryimage"},"thumbnailUrl":"https:\/\/golfclubbiella.com\/wp-content\/uploads\/2019\/01\/Storia01.jpg","datePublished":"2015-01-02T14:10:21+00:00","dateModified":"2020-03-24T14:24:10+00:00","description":"Michael J. Hurdzan er sagte, \u201eeinen wundersch\u00f6nen Golfplatz, der auf einem erstklassigen St\u00fcck Land von einem Meisterarchitekten errichtet wurde.\u201c","breadcrumb":{"@id":"https:\/\/golfclubbiella.com\/storia\/#breadcrumb"},"inLanguage":"de","potentialAction":[{"@type":"ReadAction","target":["https:\/\/golfclubbiella.com\/storia\/"]}]},{"@type":"ImageObject","inLanguage":"de","@id":"https:\/\/golfclubbiella.com\/storia\/#primaryimage","url":"https:\/\/golfclubbiella.com\/wp-content\/uploads\/2019\/01\/Storia01.jpg","contentUrl":"https:\/\/golfclubbiella.com\/wp-content\/uploads\/2019\/01\/Storia01.jpg"},{"@type":"BreadcrumbList","@id":"https:\/\/golfclubbiella.com\/storia\/#breadcrumb","itemListElement":[{"@type":"ListItem","position":1,"name":"Home","item":"https:\/\/golfclubbiella.com\/de\/"},{"@type":"ListItem","position":2,"name":"Geschichte"}]},{"@type":"WebSite","@id":"https:\/\/golfclubbiella.com\/#website","url":"https:\/\/golfclubbiella.com\/","name":"Golf Club Biella","description":"Le Betulle","publisher":{"@id":"https:\/\/golfclubbiella.com\/#organization"},"potentialAction":[{"@type":"SearchAction","target":{"@type":"EntryPoint","urlTemplate":"https:\/\/golfclubbiella.com\/?s={search_term_string}"},"query-input":{"@type":"PropertyValueSpecification","valueRequired":true,"valueName":"search_term_string"}}],"inLanguage":"de"},{"@type":"Organization","@id":"https:\/\/golfclubbiella.com\/#organization","name":"Golf Club Biella Le Betulle","url":"https:\/\/golfclubbiella.com\/","logo":{"@type":"ImageObject","inLanguage":"de","@id":"https:\/\/golfclubbiella.com\/#\/schema\/logo\/image\/","url":"https:\/\/golfclubbiella.com\/wp-content\/uploads\/2015\/01\/logo.png","contentUrl":"https:\/\/golfclubbiella.com\/wp-content\/uploads\/2015\/01\/logo.png","width":240,"height":142,"caption":"Golf Club Biella Le Betulle"},"image":{"@id":"https:\/\/golfclubbiella.com\/#\/schema\/logo\/image\/"}}]}},"_links":{"self":[{"href":"https:\/\/golfclubbiella.com\/de\/wp-json\/wp\/v2\/pages\/6474","targetHints":{"allow":["GET"]}}],"collection":[{"href":"https:\/\/golfclubbiella.com\/de\/wp-json\/wp\/v2\/pages"}],"about":[{"href":"https:\/\/golfclubbiella.com\/de\/wp-json\/wp\/v2\/types\/page"}],"author":[{"embeddable":true,"href":"https:\/\/golfclubbiella.com\/de\/wp-json\/wp\/v2\/users\/1"}],"replies":[{"embeddable":true,"href":"https:\/\/golfclubbiella.com\/de\/wp-json\/wp\/v2\/comments?post=6474"}],"version-history":[{"count":0,"href":"https:\/\/golfclubbiella.com\/de\/wp-json\/wp\/v2\/pages\/6474\/revisions"}],"wp:attachment":[{"href":"https:\/\/golfclubbiella.com\/de\/wp-json\/wp\/v2\/media?parent=6474"}],"curies":[{"name":"wp","href":"https:\/\/api.w.org\/{rel}","templated":true}]}}