{"id":6599,"date":"2015-01-12T09:20:45","date_gmt":"2015-01-12T09:20:45","guid":{"rendered":"https:\/\/golfclubbiella.com\/betulle\/dove-siamo\/"},"modified":"2020-02-17T16:20:12","modified_gmt":"2020-02-17T16:20:12","slug":"kontact","status":"publish","type":"page","link":"https:\/\/golfclubbiella.com\/de\/kontact\/","title":{"rendered":"Kontakt"},"content":{"rendered":"<p><div class=\"fusion-fullwidth fullwidth-box fusion-builder-row-1 nonhundred-percent-fullwidth non-hundred-percent-height-scrolling\" style=\"--awb-border-radius-top-left:0px;--awb-border-radius-top-right:0px;--awb-border-radius-bottom-right:0px;--awb-border-radius-bottom-left:0px;--awb-flex-wrap:wrap;\" ><div class=\"fusion-builder-row fusion-row\"><div class=\"fusion-layout-column fusion_builder_column fusion-builder-column-0 fusion_builder_column_1_1 1_1 fusion-one-full fusion-column-first fusion-column-last\" style=\"--awb-bg-size:cover;--awb-margin-bottom:0px;\"><div class=\"fusion-column-wrapper fusion-flex-column-wrapper-legacy\"><div class=\"shortcode-map fusion-google-map fusion-maps-embed-type\"><iframe class=\"fusion-hidden\" data-privacy-type=\"gmaps\" src=\"\" width=\"100%\" height=\"300px\" frameborder=\"0\" style=\"border:0\" data-privacy-src=\"https:\/\/www.google.com\/maps\/embed\/v1\/place?key=AIzaSyDnAoXB_AAorYrz-qnsL92agIRk-2-hc3I&language=de&q=Regione+Valcarrozza,+2,+13887,+Magnano,+BI&maptype=satellite&zoom=7\" allowfullscreen><\/iframe><div class=\"fusion-privacy-placeholder\" style=\"width:100%; height:300px;\" data-privacy-type=\"gmaps\"><div class=\"fusion-privacy-placeholder-content\"><div class=\"fusion-privacy-label\">For privacy reasons Google Maps needs your permission to be loaded. For more details, please see our <a class=\"privacy-policy-link\" href=\"https:\/\/golfclubbiella.com\/legal-notice\/\" rel=\"privacy-policy\">Legal Notice<\/a>.<\/div><button data-privacy-type=\"gmaps\" class=\"fusion-button button-default fusion-button-default-size button fusion-privacy-consent\">I Accept<\/button><\/div><\/div><\/div><div class=\"fusion-text fusion-text-1\"><h3 style=\"text-align: center;\">Associazione Sportiva Dilettantistica Golf Club Biella &#8222;Le Betulle&#8220;<\/h3>\n<p style=\"text-align: center;\">Regione Valcarrozza 2<br \/>\n13887 Magnano (BI)<\/p>\n<p style=\"text-align: center;\">Tel. 015 679151<\/p>\n<p><strong>Wegbeschreibung<\/strong>:<\/p>\n<p>Wenn Sie auf der A4 aus Richtung Mailand oder Turin kommen, fahren Sie nach der Mautstelle Santhi\u00e0 in Richtung Aosta bis zur Mautstelle Albiano. Wenn Sie auf der A5 aus Richtung Aosta oder Turin kommen, nehmen Sie die Abzweigung Ivrea \u2013 Santhi\u00e0, und folgen Sie dem Stra\u00dfenverlauf bis zur Mautstelle Albiano. Nach der Mautstelle Albiano folgen Sie der Landstra\u00dfe 80 bis zum Kreisverkehr in Bollengo und fahren Sie dann auf der Nationalstra\u00dfe 338 in Richtung Magnano-Biella den H\u00fcgel hinauf. Bleiben Sie auf der 338 Richtung Biella, diese f\u00fchrt direkt zur Einfahrt des Golfclubs.<\/p>\n<\/div><div class=\"fusion-clearfix\"><\/div><\/div><\/div><\/div><\/div><div class=\"fusion-fullwidth fullwidth-box fusion-builder-row-2 hundred-percent-fullwidth non-hundred-percent-height-scrolling\" style=\"--awb-border-radius-top-left:0px;--awb-border-radius-top-right:0px;--awb-border-radius-bottom-right:0px;--awb-border-radius-bottom-left:0px;--awb-margin-top:123px;--awb-background-color:#a9a9a9;--awb-flex-wrap:wrap;\" ><div class=\"fusion-builder-row fusion-row\"><div class=\"fusion-layout-column fusion_builder_column fusion-builder-column-1 fusion_builder_column_1_1 1_1 fusion-one-full fusion-column-first fusion-column-last\" style=\"--awb-padding-top:8px;--awb-padding-bottom:0px;--awb-bg-size:cover;--awb-margin-bottom:8px;\"><div class=\"fusion-column-wrapper fusion-column-has-shadow fusion-flex-column-wrapper-legacy\"><div class=\"fusion-image-element fusion-image-align-center in-legacy-container\" style=\"text-align:center;--awb-caption-title-font-family:var(--h2_typography-font-family);--awb-caption-title-font-weight:var(--h2_typography-font-weight);--awb-caption-title-font-style:var(--h2_typography-font-style);--awb-caption-title-size:var(--h2_typography-font-size);--awb-caption-title-transform:var(--h2_typography-text-transform);--awb-caption-title-line-height:var(--h2_typography-line-height);--awb-caption-title-letter-spacing:var(--h2_typography-letter-spacing);\"><div class=\"imageframe-align-center\"><span class=\" fusion-imageframe imageframe-none imageframe-1 hover-type-none\"><a class=\"fusion-no-lightbox\" href=\"https:\/\/www.reply.com\/\" target=\"_blank\" aria-label=\"Footer2020e\" rel=\"noopener noreferrer\"><img decoding=\"async\" width=\"777\" height=\"87\" src=\"https:\/\/golfclubbiella.com\/wp-content\/uploads\/2020\/02\/Footer2020e.png\" alt class=\"img-responsive wp-image-8193\" srcset=\"https:\/\/golfclubbiella.com\/wp-content\/uploads\/2020\/02\/Footer2020e-200x22.png 200w, https:\/\/golfclubbiella.com\/wp-content\/uploads\/2020\/02\/Footer2020e-400x45.png 400w, https:\/\/golfclubbiella.com\/wp-content\/uploads\/2020\/02\/Footer2020e-600x67.png 600w, https:\/\/golfclubbiella.com\/wp-content\/uploads\/2020\/02\/Footer2020e.png 777w\" sizes=\"(max-width: 800px) 100vw, 777px\" \/><\/a><\/span><\/div><\/div><div class=\"fusion-clearfix\"><\/div><\/div><\/div><\/div><\/div>\n<\/p>\n","protected":false},"excerpt":{"rendered":"","protected":false},"author":1,"featured_media":0,"parent":0,"menu_order":0,"comment_status":"closed","ping_status":"closed","template":"100-width.php","meta":{"iawp_total_views":50,"footnotes":""},"class_list":["post-6599","page","type-page","status-publish","hentry"],"yoast_head":"<!-- This site is optimized with the Yoast SEO plugin v27.1.1 - https:\/\/yoast.com\/product\/yoast-seo-wordpress\/ -->\n<title>Kontakt | Golf Club Biella &quot;Le Betulle&quot;<\/title>\n<meta name=\"description\" content=\"Kontakt: Associazione Sportiva Dilettantistica Golf Club Biella &quot;Le Betulle\u201c Regione Valcarrozza 213887 Magnano (BI), Tel. 015 679151\" \/>\n<meta name=\"robots\" content=\"index, follow, max-snippet:-1, max-image-preview:large, max-video-preview:-1\" \/>\n<link rel=\"canonical\" href=\"https:\/\/golfclubbiella.com\/dove-siamo\/\" \/>\n<meta property=\"og:locale\" content=\"de_DE\" \/>\n<meta property=\"og:type\" content=\"article\" \/>\n<meta property=\"og:title\" content=\"Kontakt | Golf Club Biella &quot;Le Betulle&quot;\" \/>\n<meta property=\"og:description\" content=\"Kontakt: Associazione Sportiva Dilettantistica Golf Club Biella &quot;Le Betulle\u201c Regione Valcarrozza 213887 Magnano (BI), Tel. 015 679151\" \/>\n<meta property=\"og:url\" content=\"https:\/\/golfclubbiella.com\/dove-siamo\/\" \/>\n<meta property=\"og:site_name\" content=\"Golf Club Biella\" \/>\n<meta property=\"article:modified_time\" content=\"2020-02-17T16:20:12+00:00\" \/>\n<meta name=\"twitter:card\" content=\"summary_large_image\" \/>\n<meta name=\"twitter:label1\" content=\"Gesch\u00e4tzte Lesezeit\" \/>\n\t<meta name=\"twitter:data1\" content=\"2\u00a0Minuten\" \/>\n<script type=\"application\/ld+json\" class=\"yoast-schema-graph\">{\"@context\":\"https:\/\/schema.org\",\"@graph\":[{\"@type\":\"WebPage\",\"@id\":\"https:\/\/golfclubbiella.com\/dove-siamo\/\",\"url\":\"https:\/\/golfclubbiella.com\/dove-siamo\/\",\"name\":\"Kontakt | Golf Club Biella \\\"Le Betulle\\\"\",\"isPartOf\":{\"@id\":\"https:\/\/golfclubbiella.com\/#website\"},\"datePublished\":\"2015-01-12T09:20:45+00:00\",\"dateModified\":\"2020-02-17T16:20:12+00:00\",\"description\":\"Kontakt: Associazione Sportiva Dilettantistica Golf Club Biella \\\"Le Betulle\u201c Regione Valcarrozza 213887 Magnano (BI), Tel. 015 679151\",\"breadcrumb\":{\"@id\":\"https:\/\/golfclubbiella.com\/dove-siamo\/#breadcrumb\"},\"inLanguage\":\"de\",\"potentialAction\":[{\"@type\":\"ReadAction\",\"target\":[\"https:\/\/golfclubbiella.com\/dove-siamo\/\"]}]},{\"@type\":\"BreadcrumbList\",\"@id\":\"https:\/\/golfclubbiella.com\/dove-siamo\/#breadcrumb\",\"itemListElement\":[{\"@type\":\"ListItem\",\"position\":1,\"name\":\"Home\",\"item\":\"https:\/\/golfclubbiella.com\/de\/\"},{\"@type\":\"ListItem\",\"position\":2,\"name\":\"Kontakt\"}]},{\"@type\":\"WebSite\",\"@id\":\"https:\/\/golfclubbiella.com\/#website\",\"url\":\"https:\/\/golfclubbiella.com\/\",\"name\":\"Golf Club Biella\",\"description\":\"Le Betulle\",\"publisher\":{\"@id\":\"https:\/\/golfclubbiella.com\/#organization\"},\"potentialAction\":[{\"@type\":\"SearchAction\",\"target\":{\"@type\":\"EntryPoint\",\"urlTemplate\":\"https:\/\/golfclubbiella.com\/?s={search_term_string}\"},\"query-input\":{\"@type\":\"PropertyValueSpecification\",\"valueRequired\":true,\"valueName\":\"search_term_string\"}}],\"inLanguage\":\"de\"},{\"@type\":\"Organization\",\"@id\":\"https:\/\/golfclubbiella.com\/#organization\",\"name\":\"Golf Club Biella Le Betulle\",\"url\":\"https:\/\/golfclubbiella.com\/\",\"logo\":{\"@type\":\"ImageObject\",\"inLanguage\":\"de\",\"@id\":\"https:\/\/golfclubbiella.com\/#\/schema\/logo\/image\/\",\"url\":\"https:\/\/golfclubbiella.com\/wp-content\/uploads\/2015\/01\/logo.png\",\"contentUrl\":\"https:\/\/golfclubbiella.com\/wp-content\/uploads\/2015\/01\/logo.png\",\"width\":240,\"height\":142,\"caption\":\"Golf Club Biella Le Betulle\"},\"image\":{\"@id\":\"https:\/\/golfclubbiella.com\/#\/schema\/logo\/image\/\"}}]}<\/script>\n<!-- \/ Yoast SEO plugin. -->","yoast_head_json":{"title":"Kontakt | Golf Club Biella \"Le Betulle\"","description":"Kontakt: Associazione Sportiva Dilettantistica Golf Club Biella \"Le Betulle\u201c Regione Valcarrozza 213887 Magnano (BI), Tel. 015 679151","robots":{"index":"index","follow":"follow","max-snippet":"max-snippet:-1","max-image-preview":"max-image-preview:large","max-video-preview":"max-video-preview:-1"},"canonical":"https:\/\/golfclubbiella.com\/dove-siamo\/","og_locale":"de_DE","og_type":"article","og_title":"Kontakt | Golf Club Biella \"Le Betulle\"","og_description":"Kontakt: Associazione Sportiva Dilettantistica Golf Club Biella \"Le Betulle\u201c Regione Valcarrozza 213887 Magnano (BI), Tel. 015 679151","og_url":"https:\/\/golfclubbiella.com\/dove-siamo\/","og_site_name":"Golf Club Biella","article_modified_time":"2020-02-17T16:20:12+00:00","twitter_card":"summary_large_image","twitter_misc":{"Gesch\u00e4tzte Lesezeit":"2\u00a0Minuten"},"schema":{"@context":"https:\/\/schema.org","@graph":[{"@type":"WebPage","@id":"https:\/\/golfclubbiella.com\/dove-siamo\/","url":"https:\/\/golfclubbiella.com\/dove-siamo\/","name":"Kontakt | Golf Club Biella \"Le Betulle\"","isPartOf":{"@id":"https:\/\/golfclubbiella.com\/#website"},"datePublished":"2015-01-12T09:20:45+00:00","dateModified":"2020-02-17T16:20:12+00:00","description":"Kontakt: Associazione Sportiva Dilettantistica Golf Club Biella \"Le Betulle\u201c Regione Valcarrozza 213887 Magnano (BI), Tel. 015 679151","breadcrumb":{"@id":"https:\/\/golfclubbiella.com\/dove-siamo\/#breadcrumb"},"inLanguage":"de","potentialAction":[{"@type":"ReadAction","target":["https:\/\/golfclubbiella.com\/dove-siamo\/"]}]},{"@type":"BreadcrumbList","@id":"https:\/\/golfclubbiella.com\/dove-siamo\/#breadcrumb","itemListElement":[{"@type":"ListItem","position":1,"name":"Home","item":"https:\/\/golfclubbiella.com\/de\/"},{"@type":"ListItem","position":2,"name":"Kontakt"}]},{"@type":"WebSite","@id":"https:\/\/golfclubbiella.com\/#website","url":"https:\/\/golfclubbiella.com\/","name":"Golf Club Biella","description":"Le Betulle","publisher":{"@id":"https:\/\/golfclubbiella.com\/#organization"},"potentialAction":[{"@type":"SearchAction","target":{"@type":"EntryPoint","urlTemplate":"https:\/\/golfclubbiella.com\/?s={search_term_string}"},"query-input":{"@type":"PropertyValueSpecification","valueRequired":true,"valueName":"search_term_string"}}],"inLanguage":"de"},{"@type":"Organization","@id":"https:\/\/golfclubbiella.com\/#organization","name":"Golf Club Biella Le Betulle","url":"https:\/\/golfclubbiella.com\/","logo":{"@type":"ImageObject","inLanguage":"de","@id":"https:\/\/golfclubbiella.com\/#\/schema\/logo\/image\/","url":"https:\/\/golfclubbiella.com\/wp-content\/uploads\/2015\/01\/logo.png","contentUrl":"https:\/\/golfclubbiella.com\/wp-content\/uploads\/2015\/01\/logo.png","width":240,"height":142,"caption":"Golf Club Biella Le Betulle"},"image":{"@id":"https:\/\/golfclubbiella.com\/#\/schema\/logo\/image\/"}}]}},"_links":{"self":[{"href":"https:\/\/golfclubbiella.com\/de\/wp-json\/wp\/v2\/pages\/6599","targetHints":{"allow":["GET"]}}],"collection":[{"href":"https:\/\/golfclubbiella.com\/de\/wp-json\/wp\/v2\/pages"}],"about":[{"href":"https:\/\/golfclubbiella.com\/de\/wp-json\/wp\/v2\/types\/page"}],"author":[{"embeddable":true,"href":"https:\/\/golfclubbiella.com\/de\/wp-json\/wp\/v2\/users\/1"}],"replies":[{"embeddable":true,"href":"https:\/\/golfclubbiella.com\/de\/wp-json\/wp\/v2\/comments?post=6599"}],"version-history":[{"count":0,"href":"https:\/\/golfclubbiella.com\/de\/wp-json\/wp\/v2\/pages\/6599\/revisions"}],"wp:attachment":[{"href":"https:\/\/golfclubbiella.com\/de\/wp-json\/wp\/v2\/media?parent=6599"}],"curies":[{"name":"wp","href":"https:\/\/api.w.org\/{rel}","templated":true}]}}