{"id":6631,"date":"2015-01-12T09:53:42","date_gmt":"2015-01-12T09:53:42","guid":{"rendered":"https:\/\/golfclubbiella.com\/betulle\/hotel-e-ristorante\/"},"modified":"2020-02-17T16:21:48","modified_gmt":"2020-02-17T16:21:48","slug":"hotel-restaurant","status":"publish","type":"page","link":"https:\/\/golfclubbiella.com\/de\/kontact\/hotel-restaurant\/","title":{"rendered":"Golf Hotel und Restaurant"},"content":{"rendered":"<p><div class=\"fusion-fullwidth fullwidth-box fusion-builder-row-1 nonhundred-percent-fullwidth non-hundred-percent-height-scrolling\" style=\"--awb-border-radius-top-left:0px;--awb-border-radius-top-right:0px;--awb-border-radius-bottom-right:0px;--awb-border-radius-bottom-left:0px;--awb-flex-wrap:wrap;\" ><div class=\"fusion-builder-row fusion-row\"><div class=\"fusion-layout-column fusion_builder_column fusion-builder-column-0 fusion_builder_column_1_2 1_2 fusion-one-half fusion-column-first\" style=\"--awb-bg-size:cover;--awb-margin-bottom:0px;width:48%; margin-right: 4%;\"><div class=\"fusion-column-wrapper fusion-flex-column-wrapper-legacy\"><div class=\"fusion-text fusion-text-1 TestoGiustificato\"><h1>Le Betulle, Golf Hotel und Restaurant<\/h1>\n<h3>Hotel<\/h3>\n<p>Das Hotel hat von M\u00e4rz bis November ge\u00f6ffnet. Es liegt inmitten der beeindruckenden H\u00fcgellandschaft \u201eSerra\u201c und verf\u00fcgt \u00fcber einladende Einzel- und Doppelzimmer. Die ruhige und gr\u00fcne Umgebung bietet den perfekten Rahmen f\u00fcr Golf und Entspannung.<\/p>\n<h3>Restaurant<\/h3>\n<p>Das Restaurant verf\u00fcgt \u00fcber ansprechende und gro\u00dfz\u00fcgige Gastr\u00e4ume und bietet seinen G\u00e4sten eine erlesene Kombination aus traditioneller und mediterraner K\u00fcche. G\u00f6nnen Sie sich am Ende Ihres erf\u00fcllten Tages ein kulinarisches Highlight und genie\u00dfen Sie die einmalige Atmosph\u00e4re inmitten der herrlich gr\u00fcnen Naturlandschaft der Region Biella.<\/p>\n<\/div><div class=\"fusion-clearfix\"><\/div><\/div><\/div><div class=\"fusion-layout-column fusion_builder_column fusion-builder-column-1 fusion_builder_column_1_2 1_2 fusion-one-half fusion-column-last\" style=\"--awb-bg-size:cover;--awb-margin-bottom:0px;width:48%;\"><div class=\"fusion-column-wrapper fusion-flex-column-wrapper-legacy\"><div class=\"fusion-image-element fusion-image-align-center in-legacy-container\" style=\"text-align:center;--awb-caption-title-font-family:var(--h2_typography-font-family);--awb-caption-title-font-weight:var(--h2_typography-font-weight);--awb-caption-title-font-style:var(--h2_typography-font-style);--awb-caption-title-size:var(--h2_typography-font-size);--awb-caption-title-transform:var(--h2_typography-text-transform);--awb-caption-title-line-height:var(--h2_typography-line-height);--awb-caption-title-letter-spacing:var(--h2_typography-letter-spacing);\"><div class=\"imageframe-align-center\"><span class=\" fusion-imageframe imageframe-none imageframe-1 hover-type-none\"><a class=\"fusion-no-lightbox\" href=\"https:\/\/www.golfhotellebetulle.it\/\" target=\"_blank\" aria-label=\"LeBetulle\" rel=\"noopener noreferrer\"><img decoding=\"async\" width=\"424\" height=\"160\" src=\"https:\/\/golfclubbiella.com\/wp-content\/uploads\/2018\/12\/LeBetulle.png\" alt class=\"img-responsive wp-image-6427\" srcset=\"https:\/\/golfclubbiella.com\/wp-content\/uploads\/2018\/12\/LeBetulle-200x75.png 200w, https:\/\/golfclubbiella.com\/wp-content\/uploads\/2018\/12\/LeBetulle-400x151.png 400w, https:\/\/golfclubbiella.com\/wp-content\/uploads\/2018\/12\/LeBetulle.png 424w\" sizes=\"(max-width: 800px) 100vw, 424px\" \/><\/a><\/span><\/div><\/div><div class=\"fusion-text fusion-text-2\"><h3 style=\"text-align: center;\"><a href=\"https:\/\/www.golfhotellebetulle.it\/\" target=\"_blank\" rel=\"noopener noreferrer\">website besuchen:\u00a0 www.golfhotellebetulle.it<\/a><\/h3>\n<\/div><div class=\"fusion-clearfix\"><\/div><\/div><\/div><\/div><\/div><div class=\"fusion-fullwidth fullwidth-box fusion-builder-row-2 hundred-percent-fullwidth non-hundred-percent-height-scrolling\" style=\"--awb-border-radius-top-left:0px;--awb-border-radius-top-right:0px;--awb-border-radius-bottom-right:0px;--awb-border-radius-bottom-left:0px;--awb-margin-top:123px;--awb-background-color:#a9a9a9;--awb-flex-wrap:wrap;\" ><div class=\"fusion-builder-row fusion-row\"><div class=\"fusion-layout-column fusion_builder_column fusion-builder-column-2 fusion_builder_column_1_1 1_1 fusion-one-full fusion-column-first fusion-column-last\" style=\"--awb-padding-top:8px;--awb-padding-bottom:0px;--awb-bg-size:cover;--awb-margin-bottom:8px;\"><div class=\"fusion-column-wrapper fusion-column-has-shadow fusion-flex-column-wrapper-legacy\"><div class=\"fusion-image-element fusion-image-align-center in-legacy-container\" style=\"text-align:center;--awb-caption-title-font-family:var(--h2_typography-font-family);--awb-caption-title-font-weight:var(--h2_typography-font-weight);--awb-caption-title-font-style:var(--h2_typography-font-style);--awb-caption-title-size:var(--h2_typography-font-size);--awb-caption-title-transform:var(--h2_typography-text-transform);--awb-caption-title-line-height:var(--h2_typography-line-height);--awb-caption-title-letter-spacing:var(--h2_typography-letter-spacing);\"><div class=\"imageframe-align-center\"><span class=\" fusion-imageframe imageframe-none imageframe-2 hover-type-none\"><a class=\"fusion-no-lightbox\" href=\"https:\/\/www.reply.com\/\" target=\"_blank\" aria-label=\"Footer2020e\" rel=\"noopener noreferrer\"><img decoding=\"async\" width=\"777\" height=\"87\" src=\"https:\/\/golfclubbiella.com\/wp-content\/uploads\/2020\/02\/Footer2020e.png\" alt class=\"img-responsive wp-image-8193\" srcset=\"https:\/\/golfclubbiella.com\/wp-content\/uploads\/2020\/02\/Footer2020e-200x22.png 200w, https:\/\/golfclubbiella.com\/wp-content\/uploads\/2020\/02\/Footer2020e-400x45.png 400w, https:\/\/golfclubbiella.com\/wp-content\/uploads\/2020\/02\/Footer2020e-600x67.png 600w, https:\/\/golfclubbiella.com\/wp-content\/uploads\/2020\/02\/Footer2020e.png 777w\" sizes=\"(max-width: 800px) 100vw, 777px\" \/><\/a><\/span><\/div><\/div><div class=\"fusion-clearfix\"><\/div><\/div><\/div><\/div><\/div>\n<\/p>\n","protected":false},"excerpt":{"rendered":"","protected":false},"author":1,"featured_media":0,"parent":6599,"menu_order":0,"comment_status":"closed","ping_status":"closed","template":"100-width.php","meta":{"iawp_total_views":303,"footnotes":""},"class_list":["post-6631","page","type-page","status-publish","hentry"],"yoast_head":"<!-- This site is optimized with the Yoast SEO plugin v27.1.1 - https:\/\/yoast.com\/product\/yoast-seo-wordpress\/ -->\n<title>Golf Hotel und Restaurant | Golf Club Biella &quot;Le Betulle&quot;<\/title>\n<meta name=\"description\" content=\"Das Hotel hat von M\u00e4rz bis November ge\u00f6ffnet. Restaurant:bietet seinen G\u00e4sten eine erlesene Kombination aus traditioneller und mediterraner K\u00fcche.\" \/>\n<meta name=\"robots\" content=\"index, follow, max-snippet:-1, max-image-preview:large, max-video-preview:-1\" \/>\n<link rel=\"canonical\" href=\"https:\/\/golfclubbiella.com\/dove-siamo\/hotel-e-ristorante\/\" \/>\n<meta property=\"og:locale\" content=\"de_DE\" \/>\n<meta property=\"og:type\" content=\"article\" \/>\n<meta property=\"og:title\" content=\"Golf Hotel und Restaurant | Golf Club Biella &quot;Le Betulle&quot;\" \/>\n<meta property=\"og:description\" content=\"Das Hotel hat von M\u00e4rz bis November ge\u00f6ffnet. Restaurant:bietet seinen G\u00e4sten eine erlesene Kombination aus traditioneller und mediterraner K\u00fcche.\" \/>\n<meta property=\"og:url\" content=\"https:\/\/golfclubbiella.com\/dove-siamo\/hotel-e-ristorante\/\" \/>\n<meta property=\"og:site_name\" content=\"Golf Club Biella\" \/>\n<meta property=\"article:modified_time\" content=\"2020-02-17T16:21:48+00:00\" \/>\n<meta name=\"twitter:card\" content=\"summary_large_image\" \/>\n<meta name=\"twitter:label1\" content=\"Gesch\u00e4tzte Lesezeit\" \/>\n\t<meta name=\"twitter:data1\" content=\"2\u00a0Minuten\" \/>\n<script type=\"application\/ld+json\" class=\"yoast-schema-graph\">{\"@context\":\"https:\/\/schema.org\",\"@graph\":[{\"@type\":\"WebPage\",\"@id\":\"https:\/\/golfclubbiella.com\/dove-siamo\/hotel-e-ristorante\/\",\"url\":\"https:\/\/golfclubbiella.com\/dove-siamo\/hotel-e-ristorante\/\",\"name\":\"Golf Hotel und Restaurant | Golf Club Biella \\\"Le Betulle\\\"\",\"isPartOf\":{\"@id\":\"https:\/\/golfclubbiella.com\/#website\"},\"datePublished\":\"2015-01-12T09:53:42+00:00\",\"dateModified\":\"2020-02-17T16:21:48+00:00\",\"description\":\"Das Hotel hat von M\u00e4rz bis November ge\u00f6ffnet. Restaurant:bietet seinen G\u00e4sten eine erlesene Kombination aus traditioneller und mediterraner K\u00fcche.\",\"breadcrumb\":{\"@id\":\"https:\/\/golfclubbiella.com\/dove-siamo\/hotel-e-ristorante\/#breadcrumb\"},\"inLanguage\":\"de\",\"potentialAction\":[{\"@type\":\"ReadAction\",\"target\":[\"https:\/\/golfclubbiella.com\/dove-siamo\/hotel-e-ristorante\/\"]}]},{\"@type\":\"BreadcrumbList\",\"@id\":\"https:\/\/golfclubbiella.com\/dove-siamo\/hotel-e-ristorante\/#breadcrumb\",\"itemListElement\":[{\"@type\":\"ListItem\",\"position\":1,\"name\":\"Home\",\"item\":\"https:\/\/golfclubbiella.com\/de\/\"},{\"@type\":\"ListItem\",\"position\":2,\"name\":\"Kontakt\",\"item\":\"https:\/\/golfclubbiella.com\/dove-siamo\/\"},{\"@type\":\"ListItem\",\"position\":3,\"name\":\"Golf Hotel und Restaurant\"}]},{\"@type\":\"WebSite\",\"@id\":\"https:\/\/golfclubbiella.com\/#website\",\"url\":\"https:\/\/golfclubbiella.com\/\",\"name\":\"Golf Club Biella\",\"description\":\"Le Betulle\",\"publisher\":{\"@id\":\"https:\/\/golfclubbiella.com\/#organization\"},\"potentialAction\":[{\"@type\":\"SearchAction\",\"target\":{\"@type\":\"EntryPoint\",\"urlTemplate\":\"https:\/\/golfclubbiella.com\/?s={search_term_string}\"},\"query-input\":{\"@type\":\"PropertyValueSpecification\",\"valueRequired\":true,\"valueName\":\"search_term_string\"}}],\"inLanguage\":\"de\"},{\"@type\":\"Organization\",\"@id\":\"https:\/\/golfclubbiella.com\/#organization\",\"name\":\"Golf Club Biella Le Betulle\",\"url\":\"https:\/\/golfclubbiella.com\/\",\"logo\":{\"@type\":\"ImageObject\",\"inLanguage\":\"de\",\"@id\":\"https:\/\/golfclubbiella.com\/#\/schema\/logo\/image\/\",\"url\":\"https:\/\/golfclubbiella.com\/wp-content\/uploads\/2015\/01\/logo.png\",\"contentUrl\":\"https:\/\/golfclubbiella.com\/wp-content\/uploads\/2015\/01\/logo.png\",\"width\":240,\"height\":142,\"caption\":\"Golf Club Biella Le Betulle\"},\"image\":{\"@id\":\"https:\/\/golfclubbiella.com\/#\/schema\/logo\/image\/\"}}]}<\/script>\n<!-- \/ Yoast SEO plugin. -->","yoast_head_json":{"title":"Golf Hotel und Restaurant | Golf Club Biella \"Le Betulle\"","description":"Das Hotel hat von M\u00e4rz bis November ge\u00f6ffnet. Restaurant:bietet seinen G\u00e4sten eine erlesene Kombination aus traditioneller und mediterraner K\u00fcche.","robots":{"index":"index","follow":"follow","max-snippet":"max-snippet:-1","max-image-preview":"max-image-preview:large","max-video-preview":"max-video-preview:-1"},"canonical":"https:\/\/golfclubbiella.com\/dove-siamo\/hotel-e-ristorante\/","og_locale":"de_DE","og_type":"article","og_title":"Golf Hotel und Restaurant | Golf Club Biella \"Le Betulle\"","og_description":"Das Hotel hat von M\u00e4rz bis November ge\u00f6ffnet. Restaurant:bietet seinen G\u00e4sten eine erlesene Kombination aus traditioneller und mediterraner K\u00fcche.","og_url":"https:\/\/golfclubbiella.com\/dove-siamo\/hotel-e-ristorante\/","og_site_name":"Golf Club Biella","article_modified_time":"2020-02-17T16:21:48+00:00","twitter_card":"summary_large_image","twitter_misc":{"Gesch\u00e4tzte Lesezeit":"2\u00a0Minuten"},"schema":{"@context":"https:\/\/schema.org","@graph":[{"@type":"WebPage","@id":"https:\/\/golfclubbiella.com\/dove-siamo\/hotel-e-ristorante\/","url":"https:\/\/golfclubbiella.com\/dove-siamo\/hotel-e-ristorante\/","name":"Golf Hotel und Restaurant | Golf Club Biella \"Le Betulle\"","isPartOf":{"@id":"https:\/\/golfclubbiella.com\/#website"},"datePublished":"2015-01-12T09:53:42+00:00","dateModified":"2020-02-17T16:21:48+00:00","description":"Das Hotel hat von M\u00e4rz bis November ge\u00f6ffnet. Restaurant:bietet seinen G\u00e4sten eine erlesene Kombination aus traditioneller und mediterraner K\u00fcche.","breadcrumb":{"@id":"https:\/\/golfclubbiella.com\/dove-siamo\/hotel-e-ristorante\/#breadcrumb"},"inLanguage":"de","potentialAction":[{"@type":"ReadAction","target":["https:\/\/golfclubbiella.com\/dove-siamo\/hotel-e-ristorante\/"]}]},{"@type":"BreadcrumbList","@id":"https:\/\/golfclubbiella.com\/dove-siamo\/hotel-e-ristorante\/#breadcrumb","itemListElement":[{"@type":"ListItem","position":1,"name":"Home","item":"https:\/\/golfclubbiella.com\/de\/"},{"@type":"ListItem","position":2,"name":"Kontakt","item":"https:\/\/golfclubbiella.com\/dove-siamo\/"},{"@type":"ListItem","position":3,"name":"Golf Hotel und Restaurant"}]},{"@type":"WebSite","@id":"https:\/\/golfclubbiella.com\/#website","url":"https:\/\/golfclubbiella.com\/","name":"Golf Club Biella","description":"Le Betulle","publisher":{"@id":"https:\/\/golfclubbiella.com\/#organization"},"potentialAction":[{"@type":"SearchAction","target":{"@type":"EntryPoint","urlTemplate":"https:\/\/golfclubbiella.com\/?s={search_term_string}"},"query-input":{"@type":"PropertyValueSpecification","valueRequired":true,"valueName":"search_term_string"}}],"inLanguage":"de"},{"@type":"Organization","@id":"https:\/\/golfclubbiella.com\/#organization","name":"Golf Club Biella Le Betulle","url":"https:\/\/golfclubbiella.com\/","logo":{"@type":"ImageObject","inLanguage":"de","@id":"https:\/\/golfclubbiella.com\/#\/schema\/logo\/image\/","url":"https:\/\/golfclubbiella.com\/wp-content\/uploads\/2015\/01\/logo.png","contentUrl":"https:\/\/golfclubbiella.com\/wp-content\/uploads\/2015\/01\/logo.png","width":240,"height":142,"caption":"Golf Club Biella Le Betulle"},"image":{"@id":"https:\/\/golfclubbiella.com\/#\/schema\/logo\/image\/"}}]}},"_links":{"self":[{"href":"https:\/\/golfclubbiella.com\/de\/wp-json\/wp\/v2\/pages\/6631","targetHints":{"allow":["GET"]}}],"collection":[{"href":"https:\/\/golfclubbiella.com\/de\/wp-json\/wp\/v2\/pages"}],"about":[{"href":"https:\/\/golfclubbiella.com\/de\/wp-json\/wp\/v2\/types\/page"}],"author":[{"embeddable":true,"href":"https:\/\/golfclubbiella.com\/de\/wp-json\/wp\/v2\/users\/1"}],"replies":[{"embeddable":true,"href":"https:\/\/golfclubbiella.com\/de\/wp-json\/wp\/v2\/comments?post=6631"}],"version-history":[{"count":0,"href":"https:\/\/golfclubbiella.com\/de\/wp-json\/wp\/v2\/pages\/6631\/revisions"}],"up":[{"embeddable":true,"href":"https:\/\/golfclubbiella.com\/de\/wp-json\/wp\/v2\/pages\/6599"}],"wp:attachment":[{"href":"https:\/\/golfclubbiella.com\/de\/wp-json\/wp\/v2\/media?parent=6631"}],"curies":[{"name":"wp","href":"https:\/\/api.w.org\/{rel}","templated":true}]}}