{"id":6653,"date":"2015-02-11T09:41:05","date_gmt":"2015-02-11T09:41:05","guid":{"rendered":"https:\/\/golfclubbiella.com\/betulle\/meteo\/"},"modified":"2025-03-24T16:11:43","modified_gmt":"2025-03-24T16:11:43","slug":"meteo","status":"publish","type":"page","link":"https:\/\/golfclubbiella.com\/de\/meteo\/","title":{"rendered":"Meteo"},"content":{"rendered":"<p><div class=\"fusion-fullwidth fullwidth-box fusion-builder-row-1 nonhundred-percent-fullwidth non-hundred-percent-height-scrolling\" style=\"--awb-border-radius-top-left:0px;--awb-border-radius-top-right:0px;--awb-border-radius-bottom-right:0px;--awb-border-radius-bottom-left:0px;--awb-flex-wrap:wrap;\" ><div class=\"fusion-builder-row fusion-row\"><div class=\"fusion-layout-column fusion_builder_column fusion-builder-column-0 fusion_builder_column_1_1 1_1 fusion-one-full fusion-column-first fusion-column-last\" style=\"--awb-bg-size:cover;--awb-margin-bottom:0px;\"><div class=\"fusion-column-wrapper fusion-flex-column-wrapper-legacy\"><div class=\"fusion-clearfix\"><\/div><\/div><\/div><\/div><\/div><div class=\"fusion-fullwidth fullwidth-box fusion-builder-row-2 nonhundred-percent-fullwidth non-hundred-percent-height-scrolling\" style=\"--awb-border-radius-top-left:0px;--awb-border-radius-top-right:0px;--awb-border-radius-bottom-right:0px;--awb-border-radius-bottom-left:0px;--awb-flex-wrap:wrap;\" ><div class=\"fusion-builder-row fusion-row\"><div class=\"fusion-layout-column fusion_builder_column fusion-builder-column-1 fusion_builder_column_1_2 1_2 fusion-one-half fusion-column-first\" style=\"--awb-bg-size:cover;width:50%;width:calc(50% - ( ( 4% ) * 0.5 ) );margin-right: 4%;\"><div class=\"fusion-column-wrapper fusion-flex-column-wrapper-legacy\"><div class=\"fusion-text fusion-text-1\"><h2>Previsioni RADAR:<\/h2>\n<\/div><div class=\"fusion-button-wrapper\"><a class=\"fusion-button button-3d fusion-button-default-size button-default fusion-button-default button-1 fusion-button-default-span fusion-button-default-type\" target=\"_blank\" rel=\"noopener noreferrer\" href=\"http:\/\/www.landi.ch\/meteo\/deu\/niederschlagsprognosen_32451.aspx\"><span class=\"fusion-button-text awb-button__text awb-button__text--default\">www.landi.ch<\/span><\/a><\/div><div class=\"fusion-sep-clear\"><\/div><div class=\"fusion-separator fusion-full-width-sep\" style=\"margin-left: auto;margin-right: auto;margin-top:55px;margin-bottom:55px;width:100%;\"><div class=\"fusion-separator-border sep-single sep-solid\" style=\"--awb-height:20px;--awb-amount:20px;border-color:#e0dede;border-top-width:1px;\"><\/div><\/div><div class=\"fusion-sep-clear\"><\/div><div class=\"fusion-text fusion-text-2\"><h2>3BMeteo.com<\/h2>\n<\/div><iframe src=\"https:\/\/www.3bmeteo.com\/moduli_esterni\/localita_7_giorni_orario\/691\/ffffff\/333333\/5e5e5e\/ffffff\/it\" width=\"382\" height=\"497\" frameborder=\"0\"><\/iframe><div class=\"fusion-clearfix\"><\/div><\/div><\/div><div class=\"fusion-layout-column fusion_builder_column fusion-builder-column-2 fusion_builder_column_1_2 1_2 fusion-one-half fusion-column-last\" style=\"--awb-bg-size:cover;width:50%;width:calc(50% - ( ( 4% ) * 0.5 ) );\"><div class=\"fusion-column-wrapper fusion-flex-column-wrapper-legacy\"><div class=\"fusion-text fusion-text-3\"><h2>ilMeteo.it<\/h2>\n<\/div>\n<iframe src=\"https:\/\/www.ilmeteo.it\/box\/previsioni.php?citta=691&type=day1&width=600&ico=1&lang=ita&days=6&font=Arial&fontsize=14&bg=FFFFFF&fg=000000&bgtitle=0099FF&fgtitle=FFFFFF&bgtab=F0F0F0&fglink=1773C2\" width=\"600\" height=\"244\" frameborder=\"no\" scrolling=\"no\"><\/iframe>\n<!-- Inizio codice ilMeteo.it -->\n<iframe src=\"https:\/\/www.ilmeteo.it\/flash\/meteo-free.html\" width=\"600\" height=\"590\" frameborder=\"no\" scrolling=\"no\"><\/iframe>\n<!-- Fine codice ilMeteo.it --><div class=\"fusion-clearfix\"><\/div><\/div><\/div><\/div><\/div><div class=\"fusion-fullwidth fullwidth-box fusion-builder-row-3 hundred-percent-fullwidth non-hundred-percent-height-scrolling\" style=\"--awb-border-radius-top-left:0px;--awb-border-radius-top-right:0px;--awb-border-radius-bottom-right:0px;--awb-border-radius-bottom-left:0px;--awb-margin-top:123px;--awb-background-color:#a9a9a9;--awb-flex-wrap:wrap;\" ><div class=\"fusion-builder-row fusion-row\"><div class=\"fusion-layout-column fusion_builder_column fusion-builder-column-3 fusion_builder_column_1_1 1_1 fusion-one-full fusion-column-first fusion-column-last\" style=\"--awb-padding-top:8px;--awb-padding-bottom:0px;--awb-bg-size:cover;--awb-margin-bottom:8px;\"><div class=\"fusion-column-wrapper fusion-column-has-shadow fusion-flex-column-wrapper-legacy\"><div class=\"fusion-image-element fusion-image-align-center in-legacy-container\" style=\"text-align:center;--awb-caption-title-font-family:var(--h2_typography-font-family);--awb-caption-title-font-weight:var(--h2_typography-font-weight);--awb-caption-title-font-style:var(--h2_typography-font-style);--awb-caption-title-size:var(--h2_typography-font-size);--awb-caption-title-transform:var(--h2_typography-text-transform);--awb-caption-title-line-height:var(--h2_typography-line-height);--awb-caption-title-letter-spacing:var(--h2_typography-letter-spacing);\"><div class=\"imageframe-align-center\"><span class=\" fusion-imageframe imageframe-none imageframe-1 hover-type-none\"><a class=\"fusion-no-lightbox\" href=\"https:\/\/www.reply.com\/\" target=\"_blank\" aria-label=\"Footer2020e\" rel=\"noopener noreferrer\"><img decoding=\"async\" width=\"777\" height=\"87\" src=\"https:\/\/golfclubbiella.com\/wp-content\/uploads\/2020\/02\/Footer2020e.png\" alt class=\"img-responsive wp-image-8193\" srcset=\"https:\/\/golfclubbiella.com\/wp-content\/uploads\/2020\/02\/Footer2020e-200x22.png 200w, https:\/\/golfclubbiella.com\/wp-content\/uploads\/2020\/02\/Footer2020e-400x45.png 400w, https:\/\/golfclubbiella.com\/wp-content\/uploads\/2020\/02\/Footer2020e-600x67.png 600w, https:\/\/golfclubbiella.com\/wp-content\/uploads\/2020\/02\/Footer2020e.png 777w\" sizes=\"(max-width: 800px) 100vw, 777px\" \/><\/a><\/span><\/div><\/div><div class=\"fusion-clearfix\"><\/div><\/div><\/div><\/div><\/div>\n<\/p>\n","protected":false},"excerpt":{"rendered":"","protected":false},"author":1,"featured_media":0,"parent":0,"menu_order":0,"comment_status":"closed","ping_status":"closed","template":"100-width.php","meta":{"iawp_total_views":12,"footnotes":""},"class_list":["post-6653","page","type-page","status-publish","hentry"],"yoast_head":"<!-- This site is optimized with the Yoast SEO plugin v27.1.1 - https:\/\/yoast.com\/product\/yoast-seo-wordpress\/ -->\n<title>Wetter | Golf Club Biella Le Betulle<\/title>\n<meta name=\"description\" content=\"Meteo: Previsioni RADAR, ilMeteo.it, 3BMeteo.com\u00dcberpr\u00fcfen Sie die Wetterbedingungen des Golfclubs Biella in Echtzeit. Aktualisierte Vorhersagen, Temperatur, Wind und Vorschl\u00e4ge f\u00fcr Ihr bestes Spiel.\" \/>\n<meta name=\"robots\" content=\"index, follow, max-snippet:-1, max-image-preview:large, max-video-preview:-1\" \/>\n<link rel=\"canonical\" href=\"https:\/\/golfclubbiella.com\/meteo\/\" \/>\n<meta property=\"og:locale\" content=\"de_DE\" \/>\n<meta property=\"og:type\" content=\"article\" \/>\n<meta property=\"og:title\" content=\"Wetter | Golf Club Biella Le Betulle\" \/>\n<meta property=\"og:description\" content=\"Meteo: Previsioni RADAR, ilMeteo.it, 3BMeteo.com\u00dcberpr\u00fcfen Sie die Wetterbedingungen des Golfclubs Biella in Echtzeit. Aktualisierte Vorhersagen, Temperatur, Wind und Vorschl\u00e4ge f\u00fcr Ihr bestes Spiel.\" \/>\n<meta property=\"og:url\" content=\"https:\/\/golfclubbiella.com\/meteo\/\" \/>\n<meta property=\"og:site_name\" content=\"Golf Club Biella\" \/>\n<meta property=\"article:modified_time\" content=\"2025-03-24T16:11:43+00:00\" \/>\n<meta name=\"twitter:card\" content=\"summary_large_image\" \/>\n<meta name=\"twitter:label1\" content=\"Gesch\u00e4tzte Lesezeit\" \/>\n\t<meta name=\"twitter:data1\" content=\"1\u00a0Minute\" \/>\n<script type=\"application\/ld+json\" class=\"yoast-schema-graph\">{\"@context\":\"https:\/\/schema.org\",\"@graph\":[{\"@type\":\"WebPage\",\"@id\":\"https:\/\/golfclubbiella.com\/meteo\/\",\"url\":\"https:\/\/golfclubbiella.com\/meteo\/\",\"name\":\"Wetter | Golf Club Biella Le Betulle\",\"isPartOf\":{\"@id\":\"https:\/\/golfclubbiella.com\/#website\"},\"datePublished\":\"2015-02-11T09:41:05+00:00\",\"dateModified\":\"2025-03-24T16:11:43+00:00\",\"description\":\"Meteo: Previsioni RADAR, ilMeteo.it, 3BMeteo.com\u00dcberpr\u00fcfen Sie die Wetterbedingungen des Golfclubs Biella in Echtzeit. Aktualisierte Vorhersagen, Temperatur, Wind und Vorschl\u00e4ge f\u00fcr Ihr bestes Spiel.\",\"breadcrumb\":{\"@id\":\"https:\/\/golfclubbiella.com\/meteo\/#breadcrumb\"},\"inLanguage\":\"de\",\"potentialAction\":[{\"@type\":\"ReadAction\",\"target\":[\"https:\/\/golfclubbiella.com\/meteo\/\"]}]},{\"@type\":\"BreadcrumbList\",\"@id\":\"https:\/\/golfclubbiella.com\/meteo\/#breadcrumb\",\"itemListElement\":[{\"@type\":\"ListItem\",\"position\":1,\"name\":\"Home\",\"item\":\"https:\/\/golfclubbiella.com\/de\/\"},{\"@type\":\"ListItem\",\"position\":2,\"name\":\"Meteo\"}]},{\"@type\":\"WebSite\",\"@id\":\"https:\/\/golfclubbiella.com\/#website\",\"url\":\"https:\/\/golfclubbiella.com\/\",\"name\":\"Golf Club Biella\",\"description\":\"Le Betulle\",\"publisher\":{\"@id\":\"https:\/\/golfclubbiella.com\/#organization\"},\"potentialAction\":[{\"@type\":\"SearchAction\",\"target\":{\"@type\":\"EntryPoint\",\"urlTemplate\":\"https:\/\/golfclubbiella.com\/?s={search_term_string}\"},\"query-input\":{\"@type\":\"PropertyValueSpecification\",\"valueRequired\":true,\"valueName\":\"search_term_string\"}}],\"inLanguage\":\"de\"},{\"@type\":\"Organization\",\"@id\":\"https:\/\/golfclubbiella.com\/#organization\",\"name\":\"Golf Club Biella Le Betulle\",\"url\":\"https:\/\/golfclubbiella.com\/\",\"logo\":{\"@type\":\"ImageObject\",\"inLanguage\":\"de\",\"@id\":\"https:\/\/golfclubbiella.com\/#\/schema\/logo\/image\/\",\"url\":\"https:\/\/golfclubbiella.com\/wp-content\/uploads\/2015\/01\/logo.png\",\"contentUrl\":\"https:\/\/golfclubbiella.com\/wp-content\/uploads\/2015\/01\/logo.png\",\"width\":240,\"height\":142,\"caption\":\"Golf Club Biella Le Betulle\"},\"image\":{\"@id\":\"https:\/\/golfclubbiella.com\/#\/schema\/logo\/image\/\"}}]}<\/script>\n<!-- \/ Yoast SEO plugin. -->","yoast_head_json":{"title":"Wetter | Golf Club Biella Le Betulle","description":"Meteo: Previsioni RADAR, ilMeteo.it, 3BMeteo.com\u00dcberpr\u00fcfen Sie die Wetterbedingungen des Golfclubs Biella in Echtzeit. Aktualisierte Vorhersagen, Temperatur, Wind und Vorschl\u00e4ge f\u00fcr Ihr bestes Spiel.","robots":{"index":"index","follow":"follow","max-snippet":"max-snippet:-1","max-image-preview":"max-image-preview:large","max-video-preview":"max-video-preview:-1"},"canonical":"https:\/\/golfclubbiella.com\/meteo\/","og_locale":"de_DE","og_type":"article","og_title":"Wetter | Golf Club Biella Le Betulle","og_description":"Meteo: Previsioni RADAR, ilMeteo.it, 3BMeteo.com\u00dcberpr\u00fcfen Sie die Wetterbedingungen des Golfclubs Biella in Echtzeit. Aktualisierte Vorhersagen, Temperatur, Wind und Vorschl\u00e4ge f\u00fcr Ihr bestes Spiel.","og_url":"https:\/\/golfclubbiella.com\/meteo\/","og_site_name":"Golf Club Biella","article_modified_time":"2025-03-24T16:11:43+00:00","twitter_card":"summary_large_image","twitter_misc":{"Gesch\u00e4tzte Lesezeit":"1\u00a0Minute"},"schema":{"@context":"https:\/\/schema.org","@graph":[{"@type":"WebPage","@id":"https:\/\/golfclubbiella.com\/meteo\/","url":"https:\/\/golfclubbiella.com\/meteo\/","name":"Wetter | Golf Club Biella Le Betulle","isPartOf":{"@id":"https:\/\/golfclubbiella.com\/#website"},"datePublished":"2015-02-11T09:41:05+00:00","dateModified":"2025-03-24T16:11:43+00:00","description":"Meteo: Previsioni RADAR, ilMeteo.it, 3BMeteo.com\u00dcberpr\u00fcfen Sie die Wetterbedingungen des Golfclubs Biella in Echtzeit. Aktualisierte Vorhersagen, Temperatur, Wind und Vorschl\u00e4ge f\u00fcr Ihr bestes Spiel.","breadcrumb":{"@id":"https:\/\/golfclubbiella.com\/meteo\/#breadcrumb"},"inLanguage":"de","potentialAction":[{"@type":"ReadAction","target":["https:\/\/golfclubbiella.com\/meteo\/"]}]},{"@type":"BreadcrumbList","@id":"https:\/\/golfclubbiella.com\/meteo\/#breadcrumb","itemListElement":[{"@type":"ListItem","position":1,"name":"Home","item":"https:\/\/golfclubbiella.com\/de\/"},{"@type":"ListItem","position":2,"name":"Meteo"}]},{"@type":"WebSite","@id":"https:\/\/golfclubbiella.com\/#website","url":"https:\/\/golfclubbiella.com\/","name":"Golf Club Biella","description":"Le Betulle","publisher":{"@id":"https:\/\/golfclubbiella.com\/#organization"},"potentialAction":[{"@type":"SearchAction","target":{"@type":"EntryPoint","urlTemplate":"https:\/\/golfclubbiella.com\/?s={search_term_string}"},"query-input":{"@type":"PropertyValueSpecification","valueRequired":true,"valueName":"search_term_string"}}],"inLanguage":"de"},{"@type":"Organization","@id":"https:\/\/golfclubbiella.com\/#organization","name":"Golf Club Biella Le Betulle","url":"https:\/\/golfclubbiella.com\/","logo":{"@type":"ImageObject","inLanguage":"de","@id":"https:\/\/golfclubbiella.com\/#\/schema\/logo\/image\/","url":"https:\/\/golfclubbiella.com\/wp-content\/uploads\/2015\/01\/logo.png","contentUrl":"https:\/\/golfclubbiella.com\/wp-content\/uploads\/2015\/01\/logo.png","width":240,"height":142,"caption":"Golf Club Biella Le Betulle"},"image":{"@id":"https:\/\/golfclubbiella.com\/#\/schema\/logo\/image\/"}}]}},"_links":{"self":[{"href":"https:\/\/golfclubbiella.com\/de\/wp-json\/wp\/v2\/pages\/6653","targetHints":{"allow":["GET"]}}],"collection":[{"href":"https:\/\/golfclubbiella.com\/de\/wp-json\/wp\/v2\/pages"}],"about":[{"href":"https:\/\/golfclubbiella.com\/de\/wp-json\/wp\/v2\/types\/page"}],"author":[{"embeddable":true,"href":"https:\/\/golfclubbiella.com\/de\/wp-json\/wp\/v2\/users\/1"}],"replies":[{"embeddable":true,"href":"https:\/\/golfclubbiella.com\/de\/wp-json\/wp\/v2\/comments?post=6653"}],"version-history":[{"count":0,"href":"https:\/\/golfclubbiella.com\/de\/wp-json\/wp\/v2\/pages\/6653\/revisions"}],"wp:attachment":[{"href":"https:\/\/golfclubbiella.com\/de\/wp-json\/wp\/v2\/media?parent=6653"}],"curies":[{"name":"wp","href":"https:\/\/api.w.org\/{rel}","templated":true}]}}