{"id":6675,"date":"2015-01-12T10:00:42","date_gmt":"2015-01-12T10:00:42","guid":{"rendered":"https:\/\/golfclubbiella.com\/betulle\/pro-shop\/"},"modified":"2020-02-17T16:22:16","modified_gmt":"2020-02-17T16:22:16","slug":"pro-shop","status":"publish","type":"page","link":"https:\/\/golfclubbiella.com\/de\/kontact\/pro-shop\/","title":{"rendered":"Pro-shop"},"content":{"rendered":"<p><div class=\"fusion-fullwidth fullwidth-box fusion-builder-row-1 nonhundred-percent-fullwidth non-hundred-percent-height-scrolling\" style=\"--awb-border-radius-top-left:0px;--awb-border-radius-top-right:0px;--awb-border-radius-bottom-right:0px;--awb-border-radius-bottom-left:0px;--awb-flex-wrap:wrap;\" ><div class=\"fusion-builder-row fusion-row\"><div class=\"fusion-layout-column fusion_builder_column fusion-builder-column-0 fusion_builder_column_1_1 1_1 fusion-one-full fusion-column-first fusion-column-last\" style=\"--awb-bg-size:cover;\"><div class=\"fusion-column-wrapper fusion-flex-column-wrapper-legacy\"><div class=\"fusion-text fusion-text-1\"><h1>PROSHOP Le Betulle\u2026 work in progress<\/h1>\n<\/div><div class=\"fusion-clearfix\"><\/div><\/div><\/div><div class=\"fusion-layout-column fusion_builder_column fusion-builder-column-1 fusion_builder_column_2_3 2_3 fusion-two-third fusion-column-first\" style=\"--awb-bg-size:cover;--awb-margin-bottom:0px;width:65.3333%; margin-right: 4%;\"><div class=\"fusion-column-wrapper fusion-flex-column-wrapper-legacy\"><div class=\"fusion-text fusion-text-2\"><p>Tel 333 4246144<br \/>\n<a href=\"mailto:proshoplebetulle@gmail.com\">proshoplebetulle@gmail.com<\/a><\/p>\n<\/div><div class=\"fusion-sep-clear\"><\/div><div class=\"fusion-separator fusion-has-icon fusion-clearfix\" style=\"float:left;margin-top:22px;margin-bottom:22px;width:100%;max-width:20%;\"><div class=\"fusion-separator-border sep-single sep-solid\" style=\"--awb-height:20px;--awb-amount:20px;--awb-sep-color:#8bc34a;border-color:#8bc34a;border-top-width:1px;\"><\/div><span class=\"icon-wrapper\" style=\"border-color:transparent;font-size:16px;width: 1.75em; height: 1.75em;border-width:1px;padding:1px;margin-top:-0.5px\"><i class=\"fa-golf-ball fas\" style=\"font-size: inherit;color:#8bc34a;\" aria-hidden=\"true\"><\/i><\/span><div class=\"fusion-separator-border sep-single sep-solid\" style=\"--awb-height:20px;--awb-amount:20px;--awb-sep-color:#8bc34a;border-color:#8bc34a;border-top-width:1px;\"><\/div><\/div><div class=\"fusion-sep-clear\"><\/div><div class=\"fusion-text fusion-text-3\"><p><strong>Es ist m\u00f6glich, Ihr fitting mit dem Trackman zu buchen<\/strong><br \/>\ndank der Mitarbeitung von Guerisoli Golf School<br \/>\n<a href=\"http:\/\/www.guerisoligolfschool.it\/\" target=\"_blank\" rel=\"noopener noreferrer\">http:\/\/www.guerisoligolfschool.it\/<\/a><\/p>\n<\/div><div class=\"fusion-clearfix\"><\/div><\/div><\/div><div class=\"fusion-layout-column fusion_builder_column fusion-builder-column-2 fusion_builder_column_1_3 1_3 fusion-one-third fusion-column-last\" style=\"--awb-bg-size:cover;--awb-margin-bottom:0px;width:30.6666%;\"><div class=\"fusion-column-wrapper fusion-flex-column-wrapper-legacy\"><div class=\"fusion-text fusion-text-4\"><p>T\u00e4glich von 9 bis 18 Uhr ge\u00f6ffnet<\/p>\n<\/div><div class=\"fusion-clearfix\"><\/div><\/div><\/div><\/div><\/div><div class=\"fusion-fullwidth fullwidth-box fusion-builder-row-2 hundred-percent-fullwidth non-hundred-percent-height-scrolling\" style=\"--awb-border-radius-top-left:0px;--awb-border-radius-top-right:0px;--awb-border-radius-bottom-right:0px;--awb-border-radius-bottom-left:0px;--awb-margin-top:123px;--awb-background-color:#a9a9a9;--awb-flex-wrap:wrap;\" ><div class=\"fusion-builder-row fusion-row\"><div class=\"fusion-layout-column fusion_builder_column fusion-builder-column-3 fusion_builder_column_1_1 1_1 fusion-one-full fusion-column-first fusion-column-last\" style=\"--awb-padding-top:8px;--awb-padding-bottom:0px;--awb-bg-size:cover;--awb-margin-bottom:8px;\"><div class=\"fusion-column-wrapper fusion-column-has-shadow fusion-flex-column-wrapper-legacy\"><div class=\"fusion-image-element fusion-image-align-center in-legacy-container\" style=\"text-align:center;--awb-caption-title-font-family:var(--h2_typography-font-family);--awb-caption-title-font-weight:var(--h2_typography-font-weight);--awb-caption-title-font-style:var(--h2_typography-font-style);--awb-caption-title-size:var(--h2_typography-font-size);--awb-caption-title-transform:var(--h2_typography-text-transform);--awb-caption-title-line-height:var(--h2_typography-line-height);--awb-caption-title-letter-spacing:var(--h2_typography-letter-spacing);\"><div class=\"imageframe-align-center\"><span class=\" fusion-imageframe imageframe-none imageframe-1 hover-type-none\"><a class=\"fusion-no-lightbox\" href=\"https:\/\/www.reply.com\/\" target=\"_blank\" aria-label=\"Footer2020e\" rel=\"noopener noreferrer\"><img decoding=\"async\" width=\"777\" height=\"87\" src=\"https:\/\/golfclubbiella.com\/wp-content\/uploads\/2020\/02\/Footer2020e.png\" alt class=\"img-responsive wp-image-8193\" srcset=\"https:\/\/golfclubbiella.com\/wp-content\/uploads\/2020\/02\/Footer2020e-200x22.png 200w, https:\/\/golfclubbiella.com\/wp-content\/uploads\/2020\/02\/Footer2020e-400x45.png 400w, https:\/\/golfclubbiella.com\/wp-content\/uploads\/2020\/02\/Footer2020e-600x67.png 600w, https:\/\/golfclubbiella.com\/wp-content\/uploads\/2020\/02\/Footer2020e.png 777w\" sizes=\"(max-width: 800px) 100vw, 777px\" \/><\/a><\/span><\/div><\/div><div class=\"fusion-clearfix\"><\/div><\/div><\/div><\/div><\/div>\n<\/p>\n","protected":false},"excerpt":{"rendered":"","protected":false},"author":1,"featured_media":0,"parent":6599,"menu_order":0,"comment_status":"closed","ping_status":"closed","template":"100-width.php","meta":{"iawp_total_views":16,"footnotes":""},"class_list":["post-6675","page","type-page","status-publish","hentry"],"yoast_head":"<!-- This site is optimized with the Yoast SEO plugin v27.1.1 - https:\/\/yoast.com\/product\/yoast-seo-wordpress\/ -->\n<title>Pro-shop | Golf Club Biella &quot;Le Betulle&quot;<\/title>\n<meta name=\"description\" content=\"PROSHOP Le Betulle T\u00e4glich von 9 bis 18 Uhr ge\u00f6ffnet, Es ist m\u00f6glich, Ihr fitting mit dem Trackman zu buchendank der Mitarbeitung von Guerisoli Golf School\" \/>\n<meta name=\"robots\" content=\"index, follow, max-snippet:-1, max-image-preview:large, max-video-preview:-1\" \/>\n<link rel=\"canonical\" href=\"https:\/\/golfclubbiella.com\/dove-siamo\/pro-shop\/\" \/>\n<meta property=\"og:locale\" content=\"de_DE\" \/>\n<meta property=\"og:type\" content=\"article\" \/>\n<meta property=\"og:title\" content=\"Pro-shop | Golf Club Biella &quot;Le Betulle&quot;\" \/>\n<meta property=\"og:description\" content=\"PROSHOP Le Betulle T\u00e4glich von 9 bis 18 Uhr ge\u00f6ffnet, Es ist m\u00f6glich, Ihr fitting mit dem Trackman zu buchendank der Mitarbeitung von Guerisoli Golf School\" \/>\n<meta property=\"og:url\" content=\"https:\/\/golfclubbiella.com\/dove-siamo\/pro-shop\/\" \/>\n<meta property=\"og:site_name\" content=\"Golf Club Biella\" \/>\n<meta property=\"article:modified_time\" content=\"2020-02-17T16:22:16+00:00\" \/>\n<meta name=\"twitter:card\" content=\"summary_large_image\" \/>\n<meta name=\"twitter:label1\" content=\"Gesch\u00e4tzte Lesezeit\" \/>\n\t<meta name=\"twitter:data1\" content=\"2\u00a0Minuten\" \/>\n<script type=\"application\/ld+json\" class=\"yoast-schema-graph\">{\"@context\":\"https:\/\/schema.org\",\"@graph\":[{\"@type\":\"WebPage\",\"@id\":\"https:\/\/golfclubbiella.com\/dove-siamo\/pro-shop\/\",\"url\":\"https:\/\/golfclubbiella.com\/dove-siamo\/pro-shop\/\",\"name\":\"Pro-shop | Golf Club Biella \\\"Le Betulle\\\"\",\"isPartOf\":{\"@id\":\"https:\/\/golfclubbiella.com\/#website\"},\"datePublished\":\"2015-01-12T10:00:42+00:00\",\"dateModified\":\"2020-02-17T16:22:16+00:00\",\"description\":\"PROSHOP Le Betulle T\u00e4glich von 9 bis 18 Uhr ge\u00f6ffnet, Es ist m\u00f6glich, Ihr fitting mit dem Trackman zu buchendank der Mitarbeitung von Guerisoli Golf School\",\"breadcrumb\":{\"@id\":\"https:\/\/golfclubbiella.com\/dove-siamo\/pro-shop\/#breadcrumb\"},\"inLanguage\":\"de\",\"potentialAction\":[{\"@type\":\"ReadAction\",\"target\":[\"https:\/\/golfclubbiella.com\/dove-siamo\/pro-shop\/\"]}]},{\"@type\":\"BreadcrumbList\",\"@id\":\"https:\/\/golfclubbiella.com\/dove-siamo\/pro-shop\/#breadcrumb\",\"itemListElement\":[{\"@type\":\"ListItem\",\"position\":1,\"name\":\"Home\",\"item\":\"https:\/\/golfclubbiella.com\/de\/\"},{\"@type\":\"ListItem\",\"position\":2,\"name\":\"Kontakt\",\"item\":\"https:\/\/golfclubbiella.com\/dove-siamo\/\"},{\"@type\":\"ListItem\",\"position\":3,\"name\":\"Pro-shop\"}]},{\"@type\":\"WebSite\",\"@id\":\"https:\/\/golfclubbiella.com\/#website\",\"url\":\"https:\/\/golfclubbiella.com\/\",\"name\":\"Golf Club Biella\",\"description\":\"Le Betulle\",\"publisher\":{\"@id\":\"https:\/\/golfclubbiella.com\/#organization\"},\"potentialAction\":[{\"@type\":\"SearchAction\",\"target\":{\"@type\":\"EntryPoint\",\"urlTemplate\":\"https:\/\/golfclubbiella.com\/?s={search_term_string}\"},\"query-input\":{\"@type\":\"PropertyValueSpecification\",\"valueRequired\":true,\"valueName\":\"search_term_string\"}}],\"inLanguage\":\"de\"},{\"@type\":\"Organization\",\"@id\":\"https:\/\/golfclubbiella.com\/#organization\",\"name\":\"Golf Club Biella Le Betulle\",\"url\":\"https:\/\/golfclubbiella.com\/\",\"logo\":{\"@type\":\"ImageObject\",\"inLanguage\":\"de\",\"@id\":\"https:\/\/golfclubbiella.com\/#\/schema\/logo\/image\/\",\"url\":\"https:\/\/golfclubbiella.com\/wp-content\/uploads\/2015\/01\/logo.png\",\"contentUrl\":\"https:\/\/golfclubbiella.com\/wp-content\/uploads\/2015\/01\/logo.png\",\"width\":240,\"height\":142,\"caption\":\"Golf Club Biella Le Betulle\"},\"image\":{\"@id\":\"https:\/\/golfclubbiella.com\/#\/schema\/logo\/image\/\"}}]}<\/script>\n<!-- \/ Yoast SEO plugin. -->","yoast_head_json":{"title":"Pro-shop | Golf Club Biella \"Le Betulle\"","description":"PROSHOP Le Betulle T\u00e4glich von 9 bis 18 Uhr ge\u00f6ffnet, Es ist m\u00f6glich, Ihr fitting mit dem Trackman zu buchendank der Mitarbeitung von Guerisoli Golf School","robots":{"index":"index","follow":"follow","max-snippet":"max-snippet:-1","max-image-preview":"max-image-preview:large","max-video-preview":"max-video-preview:-1"},"canonical":"https:\/\/golfclubbiella.com\/dove-siamo\/pro-shop\/","og_locale":"de_DE","og_type":"article","og_title":"Pro-shop | Golf Club Biella \"Le Betulle\"","og_description":"PROSHOP Le Betulle T\u00e4glich von 9 bis 18 Uhr ge\u00f6ffnet, Es ist m\u00f6glich, Ihr fitting mit dem Trackman zu buchendank der Mitarbeitung von Guerisoli Golf School","og_url":"https:\/\/golfclubbiella.com\/dove-siamo\/pro-shop\/","og_site_name":"Golf Club Biella","article_modified_time":"2020-02-17T16:22:16+00:00","twitter_card":"summary_large_image","twitter_misc":{"Gesch\u00e4tzte Lesezeit":"2\u00a0Minuten"},"schema":{"@context":"https:\/\/schema.org","@graph":[{"@type":"WebPage","@id":"https:\/\/golfclubbiella.com\/dove-siamo\/pro-shop\/","url":"https:\/\/golfclubbiella.com\/dove-siamo\/pro-shop\/","name":"Pro-shop | Golf Club Biella \"Le Betulle\"","isPartOf":{"@id":"https:\/\/golfclubbiella.com\/#website"},"datePublished":"2015-01-12T10:00:42+00:00","dateModified":"2020-02-17T16:22:16+00:00","description":"PROSHOP Le Betulle T\u00e4glich von 9 bis 18 Uhr ge\u00f6ffnet, Es ist m\u00f6glich, Ihr fitting mit dem Trackman zu buchendank der Mitarbeitung von Guerisoli Golf School","breadcrumb":{"@id":"https:\/\/golfclubbiella.com\/dove-siamo\/pro-shop\/#breadcrumb"},"inLanguage":"de","potentialAction":[{"@type":"ReadAction","target":["https:\/\/golfclubbiella.com\/dove-siamo\/pro-shop\/"]}]},{"@type":"BreadcrumbList","@id":"https:\/\/golfclubbiella.com\/dove-siamo\/pro-shop\/#breadcrumb","itemListElement":[{"@type":"ListItem","position":1,"name":"Home","item":"https:\/\/golfclubbiella.com\/de\/"},{"@type":"ListItem","position":2,"name":"Kontakt","item":"https:\/\/golfclubbiella.com\/dove-siamo\/"},{"@type":"ListItem","position":3,"name":"Pro-shop"}]},{"@type":"WebSite","@id":"https:\/\/golfclubbiella.com\/#website","url":"https:\/\/golfclubbiella.com\/","name":"Golf Club Biella","description":"Le Betulle","publisher":{"@id":"https:\/\/golfclubbiella.com\/#organization"},"potentialAction":[{"@type":"SearchAction","target":{"@type":"EntryPoint","urlTemplate":"https:\/\/golfclubbiella.com\/?s={search_term_string}"},"query-input":{"@type":"PropertyValueSpecification","valueRequired":true,"valueName":"search_term_string"}}],"inLanguage":"de"},{"@type":"Organization","@id":"https:\/\/golfclubbiella.com\/#organization","name":"Golf Club Biella Le Betulle","url":"https:\/\/golfclubbiella.com\/","logo":{"@type":"ImageObject","inLanguage":"de","@id":"https:\/\/golfclubbiella.com\/#\/schema\/logo\/image\/","url":"https:\/\/golfclubbiella.com\/wp-content\/uploads\/2015\/01\/logo.png","contentUrl":"https:\/\/golfclubbiella.com\/wp-content\/uploads\/2015\/01\/logo.png","width":240,"height":142,"caption":"Golf Club Biella Le Betulle"},"image":{"@id":"https:\/\/golfclubbiella.com\/#\/schema\/logo\/image\/"}}]}},"_links":{"self":[{"href":"https:\/\/golfclubbiella.com\/de\/wp-json\/wp\/v2\/pages\/6675","targetHints":{"allow":["GET"]}}],"collection":[{"href":"https:\/\/golfclubbiella.com\/de\/wp-json\/wp\/v2\/pages"}],"about":[{"href":"https:\/\/golfclubbiella.com\/de\/wp-json\/wp\/v2\/types\/page"}],"author":[{"embeddable":true,"href":"https:\/\/golfclubbiella.com\/de\/wp-json\/wp\/v2\/users\/1"}],"replies":[{"embeddable":true,"href":"https:\/\/golfclubbiella.com\/de\/wp-json\/wp\/v2\/comments?post=6675"}],"version-history":[{"count":0,"href":"https:\/\/golfclubbiella.com\/de\/wp-json\/wp\/v2\/pages\/6675\/revisions"}],"up":[{"embeddable":true,"href":"https:\/\/golfclubbiella.com\/de\/wp-json\/wp\/v2\/pages\/6599"}],"wp:attachment":[{"href":"https:\/\/golfclubbiella.com\/de\/wp-json\/wp\/v2\/media?parent=6675"}],"curies":[{"name":"wp","href":"https:\/\/api.w.org\/{rel}","templated":true}]}}